{"id":3950,"date":"2023-06-13T04:46:17","date_gmt":"2023-06-13T04:46:17","guid":{"rendered":"https:\/\/plugandbim.com\/contact-us\/"},"modified":"2026-05-05T15:18:18","modified_gmt":"2026-05-05T15:18:18","slug":"kontakt","status":"publish","type":"page","link":"https:\/\/plugandbim.com\/de\/kontakt\/","title":{"rendered":"Kontakt"},"content":{"rendered":"\r\n<h2>\r\n\t\t\tKontakt\t<\/h2>\r\n\tOb Sie ein einzelnes Projekt entwickeln oder einen gesamten Produktionsprozess optimieren m\u00f6chten Plug &amp; BIM unterst\u00fctzt Sie dabei.<br \/>\r\nWir arbeiten als technischer Partner und integrieren uns nahtlos in Ihre Organisation, um Ihnen durchdachte, steckbare und konventionell elektrische Systeme mit umfassender Planung und Kostentransparenz zu liefern. Kontaktieren Sie uns, um zu erfahren, wie 3D, 4D und 5D BIM mehr Klarheit, Kontrolle und Skalierbarkeit f\u00fcr Ihr n\u00e4chstes Projekt schaffen k\u00f6nnen.\r\n<p><strong>Gemeinsam intelligentere Systeme entwickeln!<\/strong><\/p>\r\n\t\t\t<h5>Kontakt<\/h5>\t\t\t\r\n\t\t\t\t<p>Plug and Bim B.V.<\/p>\r\n<p>CW: <a href=\"https:\/\/wa.me\/59995651988\" target=\"_blank\" rel=\"noopener\">+599 95651988<\/a><\/p>\r\n<p><a href=\"mailto:info@plugandbim.com\">info@plugandbim.com<\/a><\/p>\r\n\t\t\t<h5>Handelskammer<\/h5>\t\t\t\r\n\t\t\t\t<p>Chamber of Commerce<br \/>nr. 162821<\/p>\r\n<p>Crib nr. 102643131<\/p>\r\n\t\t\t<h5>Bankverbindung<\/h5>\t\t\t\r\n\t\t\t\t<p>Plug and Bim B.V.<br \/>IBAN: 34559501<br \/>BIC\/ SWIFT : BDCCCWCU<\/p>\r\n<p>Banco di Caribe<br \/>Schottegatweg Oost 205<br \/>Willemstad<br \/>Cura\u00e7ao<\/p>\r\n\t\t\t<h5>Soziale Medien<\/h5>\t\t\t\r\n<p><a href=\"https:\/\/www.instagram.com\/plugandbimbv\/\" target=\"_blank\" rel=\"noopener\"><img loading=\"lazy\" decoding=\"async\" src=\"https:\/\/plugandbim.com\/wp-content\/uploads\/2023\/05\/77517879-0CD8-4219-889D-07B6399F9012.png\" alt=\"insta-img\" width=\"20\" height=\"20\" \/> Instagram<\/a><\/p>\r\n<p><a href=\"https:\/\/www.linkedin.com\/company\/plug-and-bim\/\" target=\"_blank\" rel=\"noopener\"><img loading=\"lazy\" decoding=\"async\" src=\"https:\/\/plugandbim.com\/wp-content\/uploads\/2023\/05\/6083FD11-E3A1-4C45-A65E-33B407630B1F.png\" alt=\"insta-img\" width=\"20\" height=\"20\" \/> LinkedIn<\/a><\/p>\r\n<h2>\r\n\t\t\tEFFIZIENZ BEGINNT HIER\t<\/h2>\r\n\t\t\t<a href=\"mailto:info@plugandbim.com\" target=\"_blank\" rel=\"noopener\">\r\n\t\t\t\t\t\tENTDECKEN SIE, WIE WIR IHNEN ZEIT SPAREN K\u00d6NNEN\r\n\t\t\t\t\t<\/a>\r\n\t\t\t<a href=\"https:\/\/wa.me\/59995651988?text=Hello%20I%20would%20like%20to%20schedule%20a%20discovery%20call%20with%20Plug%20and%20BIM\" target=\"_blank\" rel=\"noopener\">\r\n\t\t\t\t\t\tSPRECHEN SIE MIT EINEM INGENIEUR\r\n\t\t\t\t\t<\/a>\r\n<h4>\r\n\t\t\tUnsere Partner und Marken\t<\/h4>\r\n\r\n","protected":false},"excerpt":{"rendered":"<p>Kontakt Ob Sie ein einzelnes Projekt entwickeln oder einen gesamten Produktionsprozess optimieren m\u00f6chten Plug &amp; BIM unterst\u00fctzt Sie dabei. Wir arbeiten als technischer Partner und integrieren uns nahtlos in Ihre Organisation, um Ihnen durchdachte, steckbare und konventionell elektrische Systeme mit umfassender Planung und Kostentransparenz zu liefern. Kontaktieren Sie uns, um zu erfahren, wie 3D, 4D&hellip;<\/p>\n","protected":false},"author":2,"featured_media":0,"parent":0,"menu_order":0,"comment_status":"closed","ping_status":"closed","template":"","meta":{"_acf_changed":false,"footnotes":""},"class_list":["post-3950","page","type-page","status-publish","hentry"],"acf":[],"yoast_head":"<!-- This site is optimized with the Yoast SEO plugin v27.6 - https:\/\/yoast.com\/product\/yoast-seo-wordpress\/ -->\n<title>Kontakt - Plug &amp; Bim<\/title>\n<meta name=\"description\" content=\"Kontaktieren Sie unsere BIM Elektrotechnik Experten und starten Sie Ihr Projekt mit effizienten L\u00f6sungen.\" \/>\n<meta name=\"robots\" content=\"index, follow, max-snippet:-1, max-image-preview:large, max-video-preview:-1\" \/>\n<link rel=\"canonical\" href=\"https:\/\/plugandbim.com\/de\/kontakt\/\" \/>\n<meta property=\"og:locale\" content=\"de_DE\" \/>\n<meta property=\"og:type\" content=\"article\" \/>\n<meta property=\"og:title\" content=\"Kontakt - Plug &amp; Bim\" \/>\n<meta property=\"og:description\" content=\"Kontaktieren Sie unsere BIM Elektrotechnik Experten und starten Sie Ihr Projekt mit effizienten L\u00f6sungen.\" \/>\n<meta property=\"og:url\" content=\"https:\/\/plugandbim.com\/de\/kontakt\/\" \/>\n<meta property=\"og:site_name\" content=\"Plug &amp; Bim\" \/>\n<meta property=\"article:modified_time\" content=\"2026-05-05T15:18:18+00:00\" \/>\n<meta property=\"og:image\" content=\"https:\/\/plugandbim.com\/wp-content\/uploads\/2023\/05\/77517879-0CD8-4219-889D-07B6399F9012.png\" \/>\n<meta name=\"twitter:card\" content=\"summary_large_image\" \/>\n<meta name=\"twitter:label1\" content=\"Gesch\u00e4tzte Lesezeit\" \/>\n\t<meta name=\"twitter:data1\" content=\"5\u00a0Minuten\" \/>\n<script type=\"application\/ld+json\" class=\"yoast-schema-graph\">{\"@context\":\"https:\\\/\\\/schema.org\",\"@graph\":[{\"@type\":\"WebPage\",\"@id\":\"https:\\\/\\\/plugandbim.com\\\/de\\\/kontakt\\\/\",\"url\":\"https:\\\/\\\/plugandbim.com\\\/de\\\/kontakt\\\/\",\"name\":\"Kontakt - Plug &amp; Bim\",\"isPartOf\":{\"@id\":\"https:\\\/\\\/plugandbim.com\\\/#website\"},\"primaryImageOfPage\":{\"@id\":\"https:\\\/\\\/plugandbim.com\\\/de\\\/kontakt\\\/#primaryimage\"},\"image\":{\"@id\":\"https:\\\/\\\/plugandbim.com\\\/de\\\/kontakt\\\/#primaryimage\"},\"thumbnailUrl\":\"https:\\\/\\\/plugandbim.com\\\/wp-content\\\/uploads\\\/2023\\\/05\\\/77517879-0CD8-4219-889D-07B6399F9012.png\",\"datePublished\":\"2023-06-13T04:46:17+00:00\",\"dateModified\":\"2026-05-05T15:18:18+00:00\",\"description\":\"Kontaktieren Sie unsere BIM Elektrotechnik Experten und starten Sie Ihr Projekt mit effizienten L\u00f6sungen.\",\"breadcrumb\":{\"@id\":\"https:\\\/\\\/plugandbim.com\\\/de\\\/kontakt\\\/#breadcrumb\"},\"inLanguage\":\"de\",\"potentialAction\":[{\"@type\":\"ReadAction\",\"target\":[\"https:\\\/\\\/plugandbim.com\\\/de\\\/kontakt\\\/\"]}]},{\"@type\":\"ImageObject\",\"inLanguage\":\"de\",\"@id\":\"https:\\\/\\\/plugandbim.com\\\/de\\\/kontakt\\\/#primaryimage\",\"url\":\"https:\\\/\\\/plugandbim.com\\\/wp-content\\\/uploads\\\/2023\\\/05\\\/77517879-0CD8-4219-889D-07B6399F9012.png\",\"contentUrl\":\"https:\\\/\\\/plugandbim.com\\\/wp-content\\\/uploads\\\/2023\\\/05\\\/77517879-0CD8-4219-889D-07B6399F9012.png\"},{\"@type\":\"BreadcrumbList\",\"@id\":\"https:\\\/\\\/plugandbim.com\\\/de\\\/kontakt\\\/#breadcrumb\",\"itemListElement\":[{\"@type\":\"ListItem\",\"position\":1,\"name\":\"Home\",\"item\":\"https:\\\/\\\/plugandbim.com\\\/de\\\/\"},{\"@type\":\"ListItem\",\"position\":2,\"name\":\"Kontakt\"}]},{\"@type\":\"WebSite\",\"@id\":\"https:\\\/\\\/plugandbim.com\\\/#website\",\"url\":\"https:\\\/\\\/plugandbim.com\\\/\",\"name\":\"Plug &amp; Bim\",\"description\":\"Make it Pluggable\",\"publisher\":{\"@id\":\"https:\\\/\\\/plugandbim.com\\\/#organization\"},\"potentialAction\":[{\"@type\":\"SearchAction\",\"target\":{\"@type\":\"EntryPoint\",\"urlTemplate\":\"https:\\\/\\\/plugandbim.com\\\/?s={search_term_string}\"},\"query-input\":{\"@type\":\"PropertyValueSpecification\",\"valueRequired\":true,\"valueName\":\"search_term_string\"}}],\"inLanguage\":\"de\"},{\"@type\":\"Organization\",\"@id\":\"https:\\\/\\\/plugandbim.com\\\/#organization\",\"name\":\"Plug & Bim\",\"url\":\"https:\\\/\\\/plugandbim.com\\\/\",\"logo\":{\"@type\":\"ImageObject\",\"inLanguage\":\"de\",\"@id\":\"https:\\\/\\\/plugandbim.com\\\/#\\\/schema\\\/logo\\\/image\\\/\",\"url\":\"https:\\\/\\\/plugandbim.com\\\/wp-content\\\/uploads\\\/2023\\\/05\\\/black_logo_transparent_background-1.png\",\"contentUrl\":\"https:\\\/\\\/plugandbim.com\\\/wp-content\\\/uploads\\\/2023\\\/05\\\/black_logo_transparent_background-1.png\",\"width\":500,\"height\":300,\"caption\":\"Plug & Bim\"},\"image\":{\"@id\":\"https:\\\/\\\/plugandbim.com\\\/#\\\/schema\\\/logo\\\/image\\\/\"}}]}<\/script>\n<!-- \/ Yoast SEO plugin. -->","yoast_head_json":{"title":"Kontakt - Plug &amp; Bim","description":"Kontaktieren Sie unsere BIM Elektrotechnik Experten und starten Sie Ihr Projekt mit effizienten L\u00f6sungen.","robots":{"index":"index","follow":"follow","max-snippet":"max-snippet:-1","max-image-preview":"max-image-preview:large","max-video-preview":"max-video-preview:-1"},"canonical":"https:\/\/plugandbim.com\/de\/kontakt\/","og_locale":"de_DE","og_type":"article","og_title":"Kontakt - Plug &amp; Bim","og_description":"Kontaktieren Sie unsere BIM Elektrotechnik Experten und starten Sie Ihr Projekt mit effizienten L\u00f6sungen.","og_url":"https:\/\/plugandbim.com\/de\/kontakt\/","og_site_name":"Plug &amp; Bim","article_modified_time":"2026-05-05T15:18:18+00:00","og_image":[{"url":"https:\/\/plugandbim.com\/wp-content\/uploads\/2023\/05\/77517879-0CD8-4219-889D-07B6399F9012.png","type":"","width":"","height":""}],"twitter_card":"summary_large_image","twitter_misc":{"Gesch\u00e4tzte Lesezeit":"5\u00a0Minuten"},"schema":{"@context":"https:\/\/schema.org","@graph":[{"@type":"WebPage","@id":"https:\/\/plugandbim.com\/de\/kontakt\/","url":"https:\/\/plugandbim.com\/de\/kontakt\/","name":"Kontakt - Plug &amp; Bim","isPartOf":{"@id":"https:\/\/plugandbim.com\/#website"},"primaryImageOfPage":{"@id":"https:\/\/plugandbim.com\/de\/kontakt\/#primaryimage"},"image":{"@id":"https:\/\/plugandbim.com\/de\/kontakt\/#primaryimage"},"thumbnailUrl":"https:\/\/plugandbim.com\/wp-content\/uploads\/2023\/05\/77517879-0CD8-4219-889D-07B6399F9012.png","datePublished":"2023-06-13T04:46:17+00:00","dateModified":"2026-05-05T15:18:18+00:00","description":"Kontaktieren Sie unsere BIM Elektrotechnik Experten und starten Sie Ihr Projekt mit effizienten L\u00f6sungen.","breadcrumb":{"@id":"https:\/\/plugandbim.com\/de\/kontakt\/#breadcrumb"},"inLanguage":"de","potentialAction":[{"@type":"ReadAction","target":["https:\/\/plugandbim.com\/de\/kontakt\/"]}]},{"@type":"ImageObject","inLanguage":"de","@id":"https:\/\/plugandbim.com\/de\/kontakt\/#primaryimage","url":"https:\/\/plugandbim.com\/wp-content\/uploads\/2023\/05\/77517879-0CD8-4219-889D-07B6399F9012.png","contentUrl":"https:\/\/plugandbim.com\/wp-content\/uploads\/2023\/05\/77517879-0CD8-4219-889D-07B6399F9012.png"},{"@type":"BreadcrumbList","@id":"https:\/\/plugandbim.com\/de\/kontakt\/#breadcrumb","itemListElement":[{"@type":"ListItem","position":1,"name":"Home","item":"https:\/\/plugandbim.com\/de\/"},{"@type":"ListItem","position":2,"name":"Kontakt"}]},{"@type":"WebSite","@id":"https:\/\/plugandbim.com\/#website","url":"https:\/\/plugandbim.com\/","name":"Plug &amp; Bim","description":"Make it Pluggable","publisher":{"@id":"https:\/\/plugandbim.com\/#organization"},"potentialAction":[{"@type":"SearchAction","target":{"@type":"EntryPoint","urlTemplate":"https:\/\/plugandbim.com\/?s={search_term_string}"},"query-input":{"@type":"PropertyValueSpecification","valueRequired":true,"valueName":"search_term_string"}}],"inLanguage":"de"},{"@type":"Organization","@id":"https:\/\/plugandbim.com\/#organization","name":"Plug & Bim","url":"https:\/\/plugandbim.com\/","logo":{"@type":"ImageObject","inLanguage":"de","@id":"https:\/\/plugandbim.com\/#\/schema\/logo\/image\/","url":"https:\/\/plugandbim.com\/wp-content\/uploads\/2023\/05\/black_logo_transparent_background-1.png","contentUrl":"https:\/\/plugandbim.com\/wp-content\/uploads\/2023\/05\/black_logo_transparent_background-1.png","width":500,"height":300,"caption":"Plug & Bim"},"image":{"@id":"https:\/\/plugandbim.com\/#\/schema\/logo\/image\/"}}]}},"_links":{"self":[{"href":"https:\/\/plugandbim.com\/de\/wp-json\/wp\/v2\/pages\/3950","targetHints":{"allow":["GET"]}}],"collection":[{"href":"https:\/\/plugandbim.com\/de\/wp-json\/wp\/v2\/pages"}],"about":[{"href":"https:\/\/plugandbim.com\/de\/wp-json\/wp\/v2\/types\/page"}],"author":[{"embeddable":true,"href":"https:\/\/plugandbim.com\/de\/wp-json\/wp\/v2\/users\/2"}],"replies":[{"embeddable":true,"href":"https:\/\/plugandbim.com\/de\/wp-json\/wp\/v2\/comments?post=3950"}],"version-history":[{"count":16,"href":"https:\/\/plugandbim.com\/de\/wp-json\/wp\/v2\/pages\/3950\/revisions"}],"predecessor-version":[{"id":5195,"href":"https:\/\/plugandbim.com\/de\/wp-json\/wp\/v2\/pages\/3950\/revisions\/5195"}],"wp:attachment":[{"href":"https:\/\/plugandbim.com\/de\/wp-json\/wp\/v2\/media?parent=3950"}],"curies":[{"name":"wp","href":"https:\/\/api.w.org\/{rel}","templated":true}]}}