{"id":3958,"date":"2023-06-13T06:42:24","date_gmt":"2023-06-13T06:42:24","guid":{"rendered":"https:\/\/plugandbim.com\/disclaimer\/"},"modified":"2025-08-01T17:21:09","modified_gmt":"2025-08-01T17:21:09","slug":"haftungsausschluss","status":"publish","type":"page","link":"https:\/\/plugandbim.com\/de\/haftungsausschluss\/","title":{"rendered":"Haftungsausschluss"},"content":{"rendered":"\n<h2>\n\t\tHaftungsausschluss\n\t<\/h2>\n\t<h4>Haftungsausschluss<\/h4>\n<p>Plug and Bim B.V. (Handelsregisternummer 162821), im Folgenden Plug and Bim genannt, gew\u00e4hrt Ihnen hiermit Zugriff auf www.plugandbim.com.nl (\u201edie Website&#8220;) und ver\u00f6ffentlicht hier Texte, Bilder und andere Materialien zu Informationszwecken. Plug and Bim beh\u00e4lt sich das Recht vor, Inhalte jederzeit und ohne vorherige Ank\u00fcndigung zu \u00e4ndern oder Teile zu entfernen.<\/p>\n<p>Die Informationen auf der Website sind unverbindlich und stellen kein konkretes Angebot zum Abschluss eines Vertrages dar. Vertr\u00e4ge kommen erst durch die Annahme eines als solches gekennzeichneten Angebots auf der Website zustande.<\/p>\n\t<h4>Beschr\u00e4nkte Haftung<\/h4>\n<p>Plug and Bim ist bestrebt, die Inhalte der Website so oft wie m\u00f6glich zu aktualisieren und\/oder zu erg\u00e4nzen. Trotz dieser Sorgfalt k\u00f6nnen die Inhalte unvollst\u00e4ndig und\/oder fehlerhaft sein.<\/p>\n<p>Die auf der Website angebotenen Materialien werden ohne jegliche Garantie oder Anspruch auf Richtigkeit angeboten. Diese Materialien k\u00f6nnen sich jederzeit und ohne vorherige Ank\u00fcndigung von Plug and Bim \u00e4ndern. Insbesondere unterliegen alle Preise auf der Website Tipp- und Programmierfehlern. F\u00fcr die Folgen solcher Fehler wird keine Haftung \u00fcbernommen. Aufgrund solcher Fehler kommt kein Vertrag zustande. Plug and Bim \u00fcbernimmt keine Haftung f\u00fcr auf der Website enthaltene Hyperlinks zu Websites oder Diensten Dritter.<\/p>\n\t<h4>Royalty<\/h4>\n<p>Alle geistigen Eigentumsrechte an diesen Materialien liegen bei Plug and Bim. Das Kopieren, Verteilen und jede andere Verwendung dieser Materialien ist ohne schriftliche Genehmigung von Plug and Bim nicht gestattet, es sei denn, zwingende gesetzliche Bestimmungen (wie das Zitatrecht) sehen etwas anderes vor, sofern f\u00fcr bestimmte Materialien nichts anderes angegeben ist.<\/p>\n\n","protected":false},"excerpt":{"rendered":"<p>Haftungsausschluss Haftungsausschluss Plug and Bim B.V. (Handelsregisternummer 162821), im Folgenden Plug and Bim genannt, gew\u00e4hrt Ihnen hiermit Zugriff auf www.plugandbim.com.nl (\u201edie Website&#8220;) und ver\u00f6ffentlicht hier Texte, Bilder und andere Materialien zu Informationszwecken. Plug and Bim beh\u00e4lt sich das Recht vor, Inhalte jederzeit und ohne vorherige Ank\u00fcndigung zu \u00e4ndern oder Teile zu entfernen. Die Informationen auf&hellip;<\/p>\n","protected":false},"author":2,"featured_media":0,"parent":0,"menu_order":0,"comment_status":"closed","ping_status":"closed","template":"","meta":{"_acf_changed":false,"footnotes":""},"class_list":["post-3958","page","type-page","status-publish","hentry"],"acf":[],"yoast_head":"<!-- This site is optimized with the Yoast SEO plugin v27.4 - https:\/\/yoast.com\/product\/yoast-seo-wordpress\/ -->\n<title>Haftungsausschluss - Plug &amp; Bim<\/title>\n<meta name=\"description\" content=\"Read our website&#039;s disclaimer to understand our content guidelines\" \/>\n<meta name=\"robots\" content=\"index, follow, max-snippet:-1, max-image-preview:large, max-video-preview:-1\" \/>\n<link rel=\"canonical\" href=\"https:\/\/plugandbim.com\/de\/haftungsausschluss\/\" \/>\n<meta property=\"og:locale\" content=\"de_DE\" \/>\n<meta property=\"og:type\" content=\"article\" \/>\n<meta property=\"og:title\" content=\"Haftungsausschluss - Plug &amp; Bim\" \/>\n<meta property=\"og:description\" content=\"Read our website&#039;s disclaimer to understand our content guidelines\" \/>\n<meta property=\"og:url\" content=\"https:\/\/plugandbim.com\/de\/haftungsausschluss\/\" \/>\n<meta property=\"og:site_name\" content=\"Plug &amp; Bim\" \/>\n<meta property=\"article:modified_time\" content=\"2025-08-01T17:21:09+00:00\" \/>\n<meta property=\"og:image\" content=\"https:\/\/plugandbim.com\/wp-content\/uploads\/2023\/05\/black_logo_transparent_background-1.png\" \/>\n\t<meta property=\"og:image:width\" content=\"500\" \/>\n\t<meta property=\"og:image:height\" content=\"300\" \/>\n\t<meta property=\"og:image:type\" content=\"image\/png\" \/>\n<meta name=\"twitter:card\" content=\"summary_large_image\" \/>\n<meta name=\"twitter:label1\" content=\"Gesch\u00e4tzte Lesezeit\" \/>\n\t<meta name=\"twitter:data1\" content=\"2\u00a0Minuten\" \/>\n<script type=\"application\/ld+json\" class=\"yoast-schema-graph\">{\"@context\":\"https:\\\/\\\/schema.org\",\"@graph\":[{\"@type\":\"WebPage\",\"@id\":\"https:\\\/\\\/plugandbim.com\\\/de\\\/haftungsausschluss\\\/\",\"url\":\"https:\\\/\\\/plugandbim.com\\\/de\\\/haftungsausschluss\\\/\",\"name\":\"Haftungsausschluss - Plug &amp; Bim\",\"isPartOf\":{\"@id\":\"https:\\\/\\\/plugandbim.com\\\/#website\"},\"datePublished\":\"2023-06-13T06:42:24+00:00\",\"dateModified\":\"2025-08-01T17:21:09+00:00\",\"description\":\"Read our website's disclaimer to understand our content guidelines\",\"breadcrumb\":{\"@id\":\"https:\\\/\\\/plugandbim.com\\\/de\\\/haftungsausschluss\\\/#breadcrumb\"},\"inLanguage\":\"de\",\"potentialAction\":[{\"@type\":\"ReadAction\",\"target\":[\"https:\\\/\\\/plugandbim.com\\\/de\\\/haftungsausschluss\\\/\"]}]},{\"@type\":\"BreadcrumbList\",\"@id\":\"https:\\\/\\\/plugandbim.com\\\/de\\\/haftungsausschluss\\\/#breadcrumb\",\"itemListElement\":[{\"@type\":\"ListItem\",\"position\":1,\"name\":\"Home\",\"item\":\"https:\\\/\\\/plugandbim.com\\\/de\\\/\"},{\"@type\":\"ListItem\",\"position\":2,\"name\":\"Haftungsausschluss\"}]},{\"@type\":\"WebSite\",\"@id\":\"https:\\\/\\\/plugandbim.com\\\/#website\",\"url\":\"https:\\\/\\\/plugandbim.com\\\/\",\"name\":\"Plug &amp; Bim\",\"description\":\"Make it Pluggable\",\"publisher\":{\"@id\":\"https:\\\/\\\/plugandbim.com\\\/#organization\"},\"potentialAction\":[{\"@type\":\"SearchAction\",\"target\":{\"@type\":\"EntryPoint\",\"urlTemplate\":\"https:\\\/\\\/plugandbim.com\\\/?s={search_term_string}\"},\"query-input\":{\"@type\":\"PropertyValueSpecification\",\"valueRequired\":true,\"valueName\":\"search_term_string\"}}],\"inLanguage\":\"de\"},{\"@type\":\"Organization\",\"@id\":\"https:\\\/\\\/plugandbim.com\\\/#organization\",\"name\":\"Plug & Bim\",\"url\":\"https:\\\/\\\/plugandbim.com\\\/\",\"logo\":{\"@type\":\"ImageObject\",\"inLanguage\":\"de\",\"@id\":\"https:\\\/\\\/plugandbim.com\\\/#\\\/schema\\\/logo\\\/image\\\/\",\"url\":\"https:\\\/\\\/plugandbim.com\\\/wp-content\\\/uploads\\\/2023\\\/05\\\/black_logo_transparent_background-1.png\",\"contentUrl\":\"https:\\\/\\\/plugandbim.com\\\/wp-content\\\/uploads\\\/2023\\\/05\\\/black_logo_transparent_background-1.png\",\"width\":500,\"height\":300,\"caption\":\"Plug & Bim\"},\"image\":{\"@id\":\"https:\\\/\\\/plugandbim.com\\\/#\\\/schema\\\/logo\\\/image\\\/\"}}]}<\/script>\n<!-- \/ Yoast SEO plugin. -->","yoast_head_json":{"title":"Haftungsausschluss - Plug &amp; Bim","description":"Read our website's disclaimer to understand our content guidelines","robots":{"index":"index","follow":"follow","max-snippet":"max-snippet:-1","max-image-preview":"max-image-preview:large","max-video-preview":"max-video-preview:-1"},"canonical":"https:\/\/plugandbim.com\/de\/haftungsausschluss\/","og_locale":"de_DE","og_type":"article","og_title":"Haftungsausschluss - Plug &amp; Bim","og_description":"Read our website's disclaimer to understand our content guidelines","og_url":"https:\/\/plugandbim.com\/de\/haftungsausschluss\/","og_site_name":"Plug &amp; Bim","article_modified_time":"2025-08-01T17:21:09+00:00","og_image":[{"width":500,"height":300,"url":"https:\/\/plugandbim.com\/wp-content\/uploads\/2023\/05\/black_logo_transparent_background-1.png","type":"image\/png"}],"twitter_card":"summary_large_image","twitter_misc":{"Gesch\u00e4tzte Lesezeit":"2\u00a0Minuten"},"schema":{"@context":"https:\/\/schema.org","@graph":[{"@type":"WebPage","@id":"https:\/\/plugandbim.com\/de\/haftungsausschluss\/","url":"https:\/\/plugandbim.com\/de\/haftungsausschluss\/","name":"Haftungsausschluss - Plug &amp; Bim","isPartOf":{"@id":"https:\/\/plugandbim.com\/#website"},"datePublished":"2023-06-13T06:42:24+00:00","dateModified":"2025-08-01T17:21:09+00:00","description":"Read our website's disclaimer to understand our content guidelines","breadcrumb":{"@id":"https:\/\/plugandbim.com\/de\/haftungsausschluss\/#breadcrumb"},"inLanguage":"de","potentialAction":[{"@type":"ReadAction","target":["https:\/\/plugandbim.com\/de\/haftungsausschluss\/"]}]},{"@type":"BreadcrumbList","@id":"https:\/\/plugandbim.com\/de\/haftungsausschluss\/#breadcrumb","itemListElement":[{"@type":"ListItem","position":1,"name":"Home","item":"https:\/\/plugandbim.com\/de\/"},{"@type":"ListItem","position":2,"name":"Haftungsausschluss"}]},{"@type":"WebSite","@id":"https:\/\/plugandbim.com\/#website","url":"https:\/\/plugandbim.com\/","name":"Plug &amp; Bim","description":"Make it Pluggable","publisher":{"@id":"https:\/\/plugandbim.com\/#organization"},"potentialAction":[{"@type":"SearchAction","target":{"@type":"EntryPoint","urlTemplate":"https:\/\/plugandbim.com\/?s={search_term_string}"},"query-input":{"@type":"PropertyValueSpecification","valueRequired":true,"valueName":"search_term_string"}}],"inLanguage":"de"},{"@type":"Organization","@id":"https:\/\/plugandbim.com\/#organization","name":"Plug & Bim","url":"https:\/\/plugandbim.com\/","logo":{"@type":"ImageObject","inLanguage":"de","@id":"https:\/\/plugandbim.com\/#\/schema\/logo\/image\/","url":"https:\/\/plugandbim.com\/wp-content\/uploads\/2023\/05\/black_logo_transparent_background-1.png","contentUrl":"https:\/\/plugandbim.com\/wp-content\/uploads\/2023\/05\/black_logo_transparent_background-1.png","width":500,"height":300,"caption":"Plug & Bim"},"image":{"@id":"https:\/\/plugandbim.com\/#\/schema\/logo\/image\/"}}]}},"_links":{"self":[{"href":"https:\/\/plugandbim.com\/de\/wp-json\/wp\/v2\/pages\/3958","targetHints":{"allow":["GET"]}}],"collection":[{"href":"https:\/\/plugandbim.com\/de\/wp-json\/wp\/v2\/pages"}],"about":[{"href":"https:\/\/plugandbim.com\/de\/wp-json\/wp\/v2\/types\/page"}],"author":[{"embeddable":true,"href":"https:\/\/plugandbim.com\/de\/wp-json\/wp\/v2\/users\/2"}],"replies":[{"embeddable":true,"href":"https:\/\/plugandbim.com\/de\/wp-json\/wp\/v2\/comments?post=3958"}],"version-history":[{"count":3,"href":"https:\/\/plugandbim.com\/de\/wp-json\/wp\/v2\/pages\/3958\/revisions"}],"predecessor-version":[{"id":4328,"href":"https:\/\/plugandbim.com\/de\/wp-json\/wp\/v2\/pages\/3958\/revisions\/4328"}],"wp:attachment":[{"href":"https:\/\/plugandbim.com\/de\/wp-json\/wp\/v2\/media?parent=3958"}],"curies":[{"name":"wp","href":"https:\/\/api.w.org\/{rel}","templated":true}]}}