{"id":3973,"date":"2023-05-07T19:12:52","date_gmt":"2023-05-07T19:12:52","guid":{"rendered":"https:\/\/plugandbim.com\/home\/"},"modified":"2026-04-13T13:11:56","modified_gmt":"2026-04-13T13:11:56","slug":"home","status":"publish","type":"page","link":"https:\/\/plugandbim.com\/de\/","title":{"rendered":"Startseite"},"content":{"rendered":"\n\n\t<p>Wir sind kein herk\u00f6mmliches Elektroplanungsb\u00fcro und auch kein reines BIM-Modellierungsunternehmen. <strong>Plug &amp; BIM<\/strong> liefert ausf\u00fchrungsfertige Elektrotechnik, die Planung, Kostenkalkulation, Vorfertigung, Installation und Arbeitsvorbereitung miteinander verbindet.<\/p>\n\t<p>Wir haben eigene <strong>BIM-basierte Engineering-Systeme<\/strong> entwickelt, um den gesamten Prozess zu standardisieren und zu beschleunigen. Dadurch k\u00f6nnen wir schneller arbeiten, Fehler reduzieren und in jedem Projekt gleichbleibende Qualit\u00e4t liefern. Was uns auszeichnet, ist nicht eine einzelne Dienstleistung, sondern die Art und Weise, wie alles miteinander verbunden ist:<\/p>\n\t<ul>\n<li>Wir planen und realisieren komplette Elektroinstallationen, nicht nur Layouts oder Komponenten.<\/li>\n<li>Wir arbeiten vollst\u00e4ndig mit 3D-, 4D- und 5D-BIM und verkn\u00fcpfen Design mit Planung, Logistik und Kostenkontrolle.<\/li>\n<li>Wir passen Systeme an reale Baubedingungen, Produktionsabl\u00e4ufe und projektspezifische Anforderungen an.<\/li>\n<li>Wir integrieren uns nahtlos in bestehende Teams und arbeiten oft remote als Erweiterung der Organisationen unserer Partner.<\/li>\n<li>Wir sind spezialisiert auf die Planung und den Bau von skalierbarem Wohnungsbau, die Planung von Fertigbauteilen f\u00fcr modulares Bauen sowie die Planung und den Betrieb von Versorgungsanlagen f\u00fcr Gewerbeimmobilien.<\/li>\n<\/ul>\n\t<blockquote><p><em><strong>Wir liefern keine Zeichnungen. Wir liefern elektrische Systeme, die gebaut, berechnet und vorbereitet werden k\u00f6nnen.<\/strong><\/em><\/p><\/blockquote>\n\t<strong>Schnellere Installationen. Intelligentere Verbindungen.<br \/>\n<\/strong>Das ist Plug &amp; BIM.\n\t\t\t<h3> Schnellere Ausf\u00fchrung<\/h3>\t\t\n\t\t\t<h3> Weniger Fehler<\/h3>\t\t\n\t\t\t<h3> Weniger Arbeitsaufwand<\/h3>\t\t\n\t\t\t<h3> Nahtlose Installation<\/h3>\t\t\n\t\t\t<h3> Skalierbare systeme<\/h3>\t\t\n\t<p><em>Entdecken Sie unsere interaktive BIM-Demo und<\/em><\/p>\n\t\t\t<a href=\"https:\/\/autode.sk\/40slCd1\" target=\"_blank\" rel=\"noopener\">\n\t\t\t\t\t\tEntdecken Sie es selbst\n\t\t\t\t\t<\/a>\n\t<p>WIE FANGEN WIR AN<\/p>\n\t\t\t\t\t\t\t\t\t\t\t\t<p>1<\/p>\n\t\t\t\t\t\t<p>Sondierungstreffen<\/p>\t\t\t\t\t\n\t\t\t<!-- END .front -->\n\t\t\t\t\t\t<p>Wir beginnen gerne mit einem fokussierten Gespr\u00e4ch, um Ihre Bed\u00fcrfnisse, Herausforderungen und Projektziele zu verstehen. Gleichzeitig zeigen wir Ihnen anhand von Beispielen aus abgeschlossenen Projekten, wie wir arbeiten, was m\u00f6glich ist und was Sie erwarten k\u00f6nnen.<\/p>\n\t\t\t<!-- END .back -->\n\t\t <!-- ifb-flip-box -->\n\t <!-- flip-box -->\n\t\t\t\t\t\t\t\t\t\t\t\t<p>2<\/p>\n\t\t\t\t\t\tBezahltes Pilotprojekt<br \/>\n(Empfohlen)\n\t\t\t<!-- END .front -->\n\t\t\t\t\t\t<p>Bevor Sie sich langfristig binden, empfehlen wir ein kleines Pilotprojekt. So k\u00f6nnen beide Seiten die Zusammenarbeit, die Kommunikation, den Dateiaustausch und die technische Abstimmung in einer realen Projektumgebung testen.<\/p>\n\t\t\t<!-- END .back -->\n\t\t <!-- ifb-flip-box -->\n\t <!-- flip-box -->\n\t\t\t\t\t\t\t\t\t\t\t\t<p>3<\/p>\n\t\t\t\t\t\t<p>Bewertung &amp; Ausrichtung<\/p>\n\t\t\t<!-- END .front -->\n\t\t\t\t\t\t<p>Sobald die erste Version des Pilotprojekts fertiggestellt ist, setzen wir uns zusammen, um die Zusammenarbeit zu evaluieren. Wir \u00fcberpr\u00fcfen, was gut funktioniert hat, was verbessert werden kann und einigen uns auf das weitere Vorgehen.<\/p>\n\t\t\t<!-- END .back -->\n\t\t <!-- ifb-flip-box -->\n\t <!-- flip-box -->\n\t\t\t\t\t\t\t\t\t\t\t\t<p>4<\/p>\n\t\t\t\t\t\t<p>Skalieren Sie mit dem richtigen Plan<\/p>\n\t\t\t<!-- END .front -->\n\t\t\t\t\t\t<p>Wenn Sie zufrieden sind, k\u00f6nnen Sie den optimalen Engineering-Plan f\u00fcr Ihre Bed\u00fcrfnisse ausw\u00e4hlen. Sie k\u00f6nnen die Kapazit\u00e4t jederzeit an Ihren Bedarf oder die Komplexit\u00e4t Ihres Projekts anpassen.<\/p>\n\t\t\t<!-- END .back -->\n\t\t <!-- ifb-flip-box -->\n\t <!-- flip-box -->\n\t<p>Sie haben Ihren Plan ausgew\u00e4hlt, jetzt<\/p>\n<h2>\n\t\t\tWie starten wir ein Projekt?\t<\/h2>\n\t<p>Wenn Sie einen Partner suchen, der \u00fcber Standardl\u00f6sungen hinausgeht, kontaktieren Sie uns noch heute, vereinbaren Sie ein unverbindliches Beratungsgespr\u00e4ch und laden Sie unser Engineering-Modell herunter, um mehr \u00fcber unsere Pl\u00e4ne und die perfekten L\u00f6sungen f\u00fcr Ihre Projekte zu erfahren!<\/p>\n<h4>\n\t\t\tUnsere Partner und Marken\t<\/h4>\n\n","protected":false},"excerpt":{"rendered":"<p>Wir sind kein herk\u00f6mmliches Elektroplanungsb\u00fcro und auch kein reines BIM-Modellierungsunternehmen. Plug &amp; BIM liefert ausf\u00fchrungsfertige Elektrotechnik, die Planung, Kostenkalkulation, Vorfertigung, Installation und Arbeitsvorbereitung miteinander verbindet. Wir haben eigene BIM-basierte Engineering-Systeme entwickelt, um den gesamten Prozess zu standardisieren und zu beschleunigen. Dadurch k\u00f6nnen wir schneller arbeiten, Fehler reduzieren und in jedem Projekt gleichbleibende Qualit\u00e4t liefern. Was&hellip;<\/p>\n","protected":false},"author":2,"featured_media":2673,"parent":0,"menu_order":0,"comment_status":"closed","ping_status":"closed","template":"","meta":{"_acf_changed":false,"footnotes":""},"class_list":["post-3973","page","type-page","status-publish","has-post-thumbnail","hentry"],"acf":[],"yoast_head":"<!-- This site is optimized with the Yoast SEO plugin v27.4 - https:\/\/yoast.com\/product\/yoast-seo-wordpress\/ -->\n<title>Startseite - Plug &amp; Bim<\/title>\n<meta name=\"description\" content=\"Wir machen mehr als nur Elektrodesign \u2013 wir sind auf steckbare 3D-Installationen in REVIT spezialisiert, wodurch Risiken reduziert, Zeit gespart und Kosten optimiert werden\" \/>\n<meta name=\"robots\" content=\"index, follow, max-snippet:-1, max-image-preview:large, max-video-preview:-1\" \/>\n<link rel=\"canonical\" href=\"https:\/\/plugandbim.com\/de\/\" \/>\n<meta property=\"og:locale\" content=\"de_DE\" \/>\n<meta property=\"og:type\" content=\"article\" \/>\n<meta property=\"og:title\" content=\"Startseite - Plug &amp; Bim\" \/>\n<meta property=\"og:description\" content=\"Wir machen mehr als nur Elektrodesign \u2013 wir sind auf steckbare 3D-Installationen in REVIT spezialisiert, wodurch Risiken reduziert, Zeit gespart und Kosten optimiert werden\" \/>\n<meta property=\"og:url\" content=\"https:\/\/plugandbim.com\/de\/\" \/>\n<meta property=\"og:site_name\" content=\"Plug &amp; Bim\" \/>\n<meta property=\"article:modified_time\" content=\"2026-04-13T13:11:56+00:00\" \/>\n<meta property=\"og:image\" content=\"https:\/\/plugandbim.com\/wp-content\/uploads\/2023\/05\/black_logo_transparent_background-1.png\" \/>\n\t<meta property=\"og:image:width\" content=\"500\" \/>\n\t<meta property=\"og:image:height\" content=\"300\" \/>\n\t<meta property=\"og:image:type\" content=\"image\/png\" \/>\n<meta name=\"twitter:card\" content=\"summary_large_image\" \/>\n<meta name=\"twitter:label1\" content=\"Gesch\u00e4tzte Lesezeit\" \/>\n\t<meta name=\"twitter:data1\" content=\"7\u00a0Minuten\" \/>\n<script type=\"application\/ld+json\" class=\"yoast-schema-graph\">{\"@context\":\"https:\\\/\\\/schema.org\",\"@graph\":[{\"@type\":\"WebPage\",\"@id\":\"https:\\\/\\\/plugandbim.com\\\/de\\\/\",\"url\":\"https:\\\/\\\/plugandbim.com\\\/de\\\/\",\"name\":\"Startseite - Plug &amp; Bim\",\"isPartOf\":{\"@id\":\"https:\\\/\\\/plugandbim.com\\\/#website\"},\"primaryImageOfPage\":{\"@id\":\"https:\\\/\\\/plugandbim.com\\\/de\\\/#primaryimage\"},\"image\":{\"@id\":\"https:\\\/\\\/plugandbim.com\\\/de\\\/#primaryimage\"},\"thumbnailUrl\":\"https:\\\/\\\/plugandbim.com\\\/wp-content\\\/uploads\\\/2023\\\/05\\\/black_logo_transparent_background-1.png\",\"datePublished\":\"2023-05-07T19:12:52+00:00\",\"dateModified\":\"2026-04-13T13:11:56+00:00\",\"description\":\"Wir machen mehr als nur Elektrodesign \u2013 wir sind auf steckbare 3D-Installationen in REVIT spezialisiert, wodurch Risiken reduziert, Zeit gespart und Kosten optimiert werden\",\"breadcrumb\":{\"@id\":\"https:\\\/\\\/plugandbim.com\\\/de\\\/#breadcrumb\"},\"inLanguage\":\"de\",\"potentialAction\":[{\"@type\":\"ReadAction\",\"target\":[\"https:\\\/\\\/plugandbim.com\\\/de\\\/\"]}]},{\"@type\":\"ImageObject\",\"inLanguage\":\"de\",\"@id\":\"https:\\\/\\\/plugandbim.com\\\/de\\\/#primaryimage\",\"url\":\"https:\\\/\\\/plugandbim.com\\\/wp-content\\\/uploads\\\/2023\\\/05\\\/black_logo_transparent_background-1.png\",\"contentUrl\":\"https:\\\/\\\/plugandbim.com\\\/wp-content\\\/uploads\\\/2023\\\/05\\\/black_logo_transparent_background-1.png\",\"width\":500,\"height\":300,\"caption\":\"black_logo_transparent_background_plug_and_bim\"},{\"@type\":\"BreadcrumbList\",\"@id\":\"https:\\\/\\\/plugandbim.com\\\/de\\\/#breadcrumb\",\"itemListElement\":[{\"@type\":\"ListItem\",\"position\":1,\"name\":\"Home\",\"item\":\"https:\\\/\\\/plugandbim.com\\\/de\\\/\"},{\"@type\":\"ListItem\",\"position\":2,\"name\":\"Startseite\"}]},{\"@type\":\"WebSite\",\"@id\":\"https:\\\/\\\/plugandbim.com\\\/#website\",\"url\":\"https:\\\/\\\/plugandbim.com\\\/\",\"name\":\"Plug &amp; Bim\",\"description\":\"Make it Pluggable\",\"publisher\":{\"@id\":\"https:\\\/\\\/plugandbim.com\\\/#organization\"},\"potentialAction\":[{\"@type\":\"SearchAction\",\"target\":{\"@type\":\"EntryPoint\",\"urlTemplate\":\"https:\\\/\\\/plugandbim.com\\\/?s={search_term_string}\"},\"query-input\":{\"@type\":\"PropertyValueSpecification\",\"valueRequired\":true,\"valueName\":\"search_term_string\"}}],\"inLanguage\":\"de\"},{\"@type\":\"Organization\",\"@id\":\"https:\\\/\\\/plugandbim.com\\\/#organization\",\"name\":\"Plug & Bim\",\"url\":\"https:\\\/\\\/plugandbim.com\\\/\",\"logo\":{\"@type\":\"ImageObject\",\"inLanguage\":\"de\",\"@id\":\"https:\\\/\\\/plugandbim.com\\\/#\\\/schema\\\/logo\\\/image\\\/\",\"url\":\"https:\\\/\\\/plugandbim.com\\\/wp-content\\\/uploads\\\/2023\\\/05\\\/black_logo_transparent_background-1.png\",\"contentUrl\":\"https:\\\/\\\/plugandbim.com\\\/wp-content\\\/uploads\\\/2023\\\/05\\\/black_logo_transparent_background-1.png\",\"width\":500,\"height\":300,\"caption\":\"Plug & Bim\"},\"image\":{\"@id\":\"https:\\\/\\\/plugandbim.com\\\/#\\\/schema\\\/logo\\\/image\\\/\"}}]}<\/script>\n<!-- \/ Yoast SEO plugin. -->","yoast_head_json":{"title":"Startseite - Plug &amp; Bim","description":"Wir machen mehr als nur Elektrodesign \u2013 wir sind auf steckbare 3D-Installationen in REVIT spezialisiert, wodurch Risiken reduziert, Zeit gespart und Kosten optimiert werden","robots":{"index":"index","follow":"follow","max-snippet":"max-snippet:-1","max-image-preview":"max-image-preview:large","max-video-preview":"max-video-preview:-1"},"canonical":"https:\/\/plugandbim.com\/de\/","og_locale":"de_DE","og_type":"article","og_title":"Startseite - Plug &amp; Bim","og_description":"Wir machen mehr als nur Elektrodesign \u2013 wir sind auf steckbare 3D-Installationen in REVIT spezialisiert, wodurch Risiken reduziert, Zeit gespart und Kosten optimiert werden","og_url":"https:\/\/plugandbim.com\/de\/","og_site_name":"Plug &amp; Bim","article_modified_time":"2026-04-13T13:11:56+00:00","og_image":[{"width":500,"height":300,"url":"https:\/\/plugandbim.com\/wp-content\/uploads\/2023\/05\/black_logo_transparent_background-1.png","type":"image\/png"}],"twitter_card":"summary_large_image","twitter_misc":{"Gesch\u00e4tzte Lesezeit":"7\u00a0Minuten"},"schema":{"@context":"https:\/\/schema.org","@graph":[{"@type":"WebPage","@id":"https:\/\/plugandbim.com\/de\/","url":"https:\/\/plugandbim.com\/de\/","name":"Startseite - Plug &amp; Bim","isPartOf":{"@id":"https:\/\/plugandbim.com\/#website"},"primaryImageOfPage":{"@id":"https:\/\/plugandbim.com\/de\/#primaryimage"},"image":{"@id":"https:\/\/plugandbim.com\/de\/#primaryimage"},"thumbnailUrl":"https:\/\/plugandbim.com\/wp-content\/uploads\/2023\/05\/black_logo_transparent_background-1.png","datePublished":"2023-05-07T19:12:52+00:00","dateModified":"2026-04-13T13:11:56+00:00","description":"Wir machen mehr als nur Elektrodesign \u2013 wir sind auf steckbare 3D-Installationen in REVIT spezialisiert, wodurch Risiken reduziert, Zeit gespart und Kosten optimiert werden","breadcrumb":{"@id":"https:\/\/plugandbim.com\/de\/#breadcrumb"},"inLanguage":"de","potentialAction":[{"@type":"ReadAction","target":["https:\/\/plugandbim.com\/de\/"]}]},{"@type":"ImageObject","inLanguage":"de","@id":"https:\/\/plugandbim.com\/de\/#primaryimage","url":"https:\/\/plugandbim.com\/wp-content\/uploads\/2023\/05\/black_logo_transparent_background-1.png","contentUrl":"https:\/\/plugandbim.com\/wp-content\/uploads\/2023\/05\/black_logo_transparent_background-1.png","width":500,"height":300,"caption":"black_logo_transparent_background_plug_and_bim"},{"@type":"BreadcrumbList","@id":"https:\/\/plugandbim.com\/de\/#breadcrumb","itemListElement":[{"@type":"ListItem","position":1,"name":"Home","item":"https:\/\/plugandbim.com\/de\/"},{"@type":"ListItem","position":2,"name":"Startseite"}]},{"@type":"WebSite","@id":"https:\/\/plugandbim.com\/#website","url":"https:\/\/plugandbim.com\/","name":"Plug &amp; Bim","description":"Make it Pluggable","publisher":{"@id":"https:\/\/plugandbim.com\/#organization"},"potentialAction":[{"@type":"SearchAction","target":{"@type":"EntryPoint","urlTemplate":"https:\/\/plugandbim.com\/?s={search_term_string}"},"query-input":{"@type":"PropertyValueSpecification","valueRequired":true,"valueName":"search_term_string"}}],"inLanguage":"de"},{"@type":"Organization","@id":"https:\/\/plugandbim.com\/#organization","name":"Plug & Bim","url":"https:\/\/plugandbim.com\/","logo":{"@type":"ImageObject","inLanguage":"de","@id":"https:\/\/plugandbim.com\/#\/schema\/logo\/image\/","url":"https:\/\/plugandbim.com\/wp-content\/uploads\/2023\/05\/black_logo_transparent_background-1.png","contentUrl":"https:\/\/plugandbim.com\/wp-content\/uploads\/2023\/05\/black_logo_transparent_background-1.png","width":500,"height":300,"caption":"Plug & Bim"},"image":{"@id":"https:\/\/plugandbim.com\/#\/schema\/logo\/image\/"}}]}},"_links":{"self":[{"href":"https:\/\/plugandbim.com\/de\/wp-json\/wp\/v2\/pages\/3973","targetHints":{"allow":["GET"]}}],"collection":[{"href":"https:\/\/plugandbim.com\/de\/wp-json\/wp\/v2\/pages"}],"about":[{"href":"https:\/\/plugandbim.com\/de\/wp-json\/wp\/v2\/types\/page"}],"author":[{"embeddable":true,"href":"https:\/\/plugandbim.com\/de\/wp-json\/wp\/v2\/users\/2"}],"replies":[{"embeddable":true,"href":"https:\/\/plugandbim.com\/de\/wp-json\/wp\/v2\/comments?post=3973"}],"version-history":[{"count":30,"href":"https:\/\/plugandbim.com\/de\/wp-json\/wp\/v2\/pages\/3973\/revisions"}],"predecessor-version":[{"id":5158,"href":"https:\/\/plugandbim.com\/de\/wp-json\/wp\/v2\/pages\/3973\/revisions\/5158"}],"wp:featuredmedia":[{"embeddable":true,"href":"https:\/\/plugandbim.com\/de\/wp-json\/wp\/v2\/media\/2673"}],"wp:attachment":[{"href":"https:\/\/plugandbim.com\/de\/wp-json\/wp\/v2\/media?parent=3973"}],"curies":[{"name":"wp","href":"https:\/\/api.w.org\/{rel}","templated":true}]}}