{"id":3987,"date":"2023-06-09T12:10:51","date_gmt":"2023-06-09T12:10:51","guid":{"rendered":"https:\/\/plugandbim.com\/services\/"},"modified":"2026-04-07T16:46:31","modified_gmt":"2026-04-07T16:46:31","slug":"dienstleistungen","status":"publish","type":"page","link":"https:\/\/plugandbim.com\/de\/dienstleistungen\/","title":{"rendered":"Dienstleistungen"},"content":{"rendered":"\n<h2>\n\t\t\tDienstleistungen\t<\/h2>\n\t<p>Bei Plug &#038; BIM liefern wir mehr als nur Modelle. Wir liefern fertige Systeme, die f\u00fcr Produktion, Logistik und Ausf\u00fchrung bereit sind.<\/p>\n<p>Unsere Leistungen basieren auf 3D, 4D und 5D BIM und gew\u00e4hrleisten, dass Designentscheidungen direkt in effiziente Bauergebnisse umgesetzt werden. Durch die Kombination von 3D, 4D und 5D BIM helfen wir unseren Kunden, Risiken zu minimieren, Zeit zu sparen und die Kontrolle \u00fcber Design, Ausf\u00fchrung und Kosten zu behalten insbesondere bei Fertigteil, Modul und Gro\u00dfprojekten.<\/p>\n<p>Ob Einzelprojekt oder komplette Produktionslinie: Unser Ansatz bietet eine integrierte Datenquelle, die Design, Planung, Logistik und Kostenkontrolle vom ersten Tag an miteinander verbindet. Wir sorgen daf\u00fcr, dass alles stimmt. Mit unserem Plug and BIM Konzept bieten wir Ihnen umfassende Unterst\u00fctzung von Anfang bis Ende. Wie praktisch!<\/p>\n<h2>\n\t\t\tEIN MODELL &#8211; MEHRERE AUSG\u00c4NGE &#8211; VOLLE KONTROLLE\t<\/h2>\n\t<p>Jedes Projekt wird als <strong>LOD400\/500 BIM-Modell<\/strong> geliefert, das im gesamten Arbeitsablauf verwendet wird:<\/p>\n\t<p><strong>Berechnung: <\/strong> automatisierte Mengenermittlung; Excel-Exporte f\u00fcr Kostenvoranschlagsersteller; Einblicke auf Komponentenebene; direkte Eingabe f\u00fcr die Preisgestaltung (vom Modell zu den Kosten in einem Schritt).<\/p>\n<p><strong>Produktion &amp; Vorfertigung:<\/strong> vollst\u00e4ndig definierte elektrische Systeme; optimiert f\u00fcr modulare Bauweise; geeignet f\u00fcr Plug &amp; Play und traditionelle Installationen.<\/p>\n<p><strong> Installation:<\/strong> klare Verlegung und Positionierung; verk\u00fcrzte Installationszeit; minimaler Interpretationsbedarf vor Ort.<\/p>\n<p><strong>Arbeitsvorbereitung: <\/strong> Wir reduzieren den Aufwand der Arbeitsvorbereitung deutlich: automatisierte Materiallisten, klare Installationslogik und direkte Eingabe in die Beschaffungsprozesse. Weniger Arbeit, weniger Fehler, schnellere Ausf\u00fchrung.<\/p>\n<h2>\n\t\t\t3 Leistungen\t<\/h2>\n\t\t\t\t\t\t\t\t\t\t\t\t<p>Beratung<\/p>\n\t\t\t\t\t\t<p>Strategie und Ausrichtung<\/p>\n\t\t\t<!-- END .front -->\n\t\t\t\t\t\t<p>Wir bei Plug and BIM glauben, dass ein guter Start die halbe Miete ist. Deshalb teilen wir unser Wissen und unsere praktische Erfahrung gerne mit Ihnen. Egal, ob Sie an einem Neubau, einer Renovierung oder einer Sanierung arbeiten. Wir denken aktiv mit Ihnen mit, um Ihre Installation so intelligent und effizient wie m\u00f6glich einzurichten.<\/p>\t\t\t\t\t\n\t\t\t<!-- END .back -->\n\t\t <!-- ifb-flip-box -->\n\t <!-- flip-box -->\n\t\t\t\t\t\t\t\t\t\t\t\t<p>BIM Engineering<br \/>(3D, 4D &amp; 5D)<\/p>\n\t\t\t\t\t\t<p>Kern technischer Wert<\/p>\t\t\t\t\t\n\t\t\t<!-- END .front -->\n\t\t\t\t\t\t<p>Wir planen und koordinieren komplette elektroinstallationen in einer vollst\u00e4ndig integrierten digitalen Umgebung. Wir visualisieren das gesamte elektrische System in 3D, stimmen es mittels 4D mit Planung und Logistik ab und unterst\u00fctzen Kostenmanagement und \u00c4nderungssteuerung mit 5D. Dies gew\u00e4hrleistet eine effiziente Koordination, eine planbare Ausf\u00fchrung und die volle Kontrolle \u00fcber den gesamten Projekt.<\/p>\t\t\t\t\t\n\t\t\t<!-- END .back -->\n\t\t <!-- ifb-flip-box -->\n\t <!-- flip-box -->\n\t\t\t\t\t\t\t\t\t\t\t\t<p>Produktmodellierung in 3D<\/p>\n\t\t\t\t\t\t<p>System- und Komponententiefe<\/p>\n\t\t\t<!-- END .front -->\n\t\t\t\t\t\t<p>Durch die virtuelle Darstellung k\u00f6nnen wir diese besser visualisieren, analysieren und in das Design der elektrischen Anlage integrieren. Dies erleichtert die Auswahl der richtigen Produkte, deren korrekte Platzierung und die Abstimmung aller Komponenten, was zu einem perfekt funktionierenden System f\u00fchrt.<\/p>\t\t\t\t\t\n\t\t\t<!-- END .back -->\n\t\t <!-- ifb-flip-box -->\n\t <!-- flip-box -->\n\t<p>Plug &#038; BIM bietet den kompletten BIM-Service f\u00fcr elektrische Systeme von der Planung \u00fcber die Ausf\u00fchrung bis hin zur Kostentransparenz.<\/p>\n\t\t\t\t\t\t\t\t\t\t\t\t<p>3D BIM<\/p>\n\t\t\t\t\t\t<p>Entwurf und Koordination<\/p>\t\t\t\t\t\n\t\t\t<!-- END .front -->\n\t\t\t\t\t\t<p>Wir visualisieren die Platzierung elektrischer Komponenten im Geb\u00e4ude von der Anordnung und Verkabelung bis hin zu den Anschl\u00fcssen und erm\u00f6glichen so eine klare Koordination.<\/p>\n<strong>Enthalten sind:<\/strong><br \/>\n&#8211; 3D-BIM-Modell (Architektur\/Tragwerk\/Installationen)<br \/>\n&#8211; Kollisionspr\u00fcfung<br \/>\n&#8211; Fertigteilorientierte Modellierung<br \/>\n&#8211; Ma\u00df- und technische Abstimmung<br \/>\n&#8211; Export f\u00fcr Ausf\u00fchrung und Lieferanten\n\t\t\t<!-- END .back -->\n\t\t <!-- ifb-flip-box -->\n\t <!-- flip-box -->\n\t\t\t\t\t\t\t\t\t\t\t\t<p>4D BIM<\/p>\n\t\t\t\t\t\t<p>Phasenplanung und Logistik<\/p>\t\t\t\t\t\n\t\t\t<!-- END .front -->\n\t\t\t\t\t\t<p>Wir bieten Einblicke in Planung, Logistik und Montageabl\u00e4ufe und stellen so sicher, dass die Installationen mit den Produktions- und Bauphasen \u00fcbereinstimmen.<strong>Enthalten sind:<\/strong><br \/>&#8211; Aufteilung des 3D-Modells in Bau- und Lieferphasen<br \/>&#8211; Verkn\u00fcpfung mit der Gesamt- oder Detailplanung<br \/>&#8211; Logistische Aufschl\u00fcsselung pro Phase (Fertigbauteile, Installationen)<br \/>&#8211; Einblick in Montage und Ausf\u00fchrung<\/p>\t\t\t\t\t\n\t\t\t<!-- END .back -->\n\t\t <!-- ifb-flip-box -->\n\t <!-- flip-box -->\n\t\t\t\t\t\t\t\t\t\t\t\t<p>5D BIM<\/p>\n\t\t\t\t\t\t<p>Kostenmanagement und \u00c4nderungskontrolle<\/p>\t\t\t\t\t\n\t\t\t<!-- END .front -->\n\t\t\t\t\t\t<p>Wir unterst\u00fctzen Kostenmanagement und \u00c4nderungssteuerung durch die Verkn\u00fcpfung des Modells mit Mengen, Materialien und Budgets.<strong>Enthalten sind:<\/strong><br \/>&#8211; Verkn\u00fcpfung von BIM-Objekten mit Einheitspreisen und Kostenpositionen<br \/>&#8211; Kosten\u00fcbersichten pro Phase, Fachbereich und Komponente<br \/>&#8211; Automatische Neuberechnung von Planungs\u00e4nderungen<br \/>&#8211; Budget\u00fcberwachung und Szenarioanalyse<\/p>\t\t\t\t\t\n\t\t\t<!-- END .back -->\n\t\t <!-- ifb-flip-box -->\n\t <!-- flip-box -->\n\t<p>Wie k\u00f6nnen wir die Zusammenarbeit beginnen?<\/p>\n\t\t\t\t\t\t\t\t\t\t\t\t<p>1<\/p>\n\t\t\t\t\t\t<p>Sondierungstreffen<\/p>\t\t\t\t\t\n\t\t\t<!-- END .front -->\n\t\t\t\t\t\t<p>Wir beginnen gerne mit einem fokussierten Gespr\u00e4ch, um Ihre Bed\u00fcrfnisse, Herausforderungen und Projektziele zu verstehen. Gleichzeitig zeigen wir Ihnen anhand von Beispielen aus abgeschlossenen Projekten, wie wir arbeiten, was m\u00f6glich ist und was Sie erwarten k\u00f6nnen.<\/p>\n\t\t\t<!-- END .back -->\n\t\t <!-- ifb-flip-box -->\n\t <!-- flip-box -->\n\t\t\t\t\t\t\t\t\t\t\t\t<p>2<\/p>\n\t\t\t\t\t\tBezahltes Pilotprojekt<br \/>\n(Empfohlen)\n\t\t\t<!-- END .front -->\n\t\t\t\t\t\t<p>Bevor Sie sich langfristig binden, empfehlen wir ein kleines Pilotprojekt. So k\u00f6nnen beide Seiten die Zusammenarbeit, die Kommunikation, den Dateiaustausch und die technische Abstimmung in einer realen Projektumgebung testen.<\/p>\n\t\t\t<!-- END .back -->\n\t\t <!-- ifb-flip-box -->\n\t <!-- flip-box -->\n\t\t\t\t\t\t\t\t\t\t\t\t<p>3<\/p>\n\t\t\t\t\t\t<p>Bewertung &amp; Ausrichtung<\/p>\n\t\t\t<!-- END .front -->\n\t\t\t\t\t\t<p>Sobald die erste Version des Pilotprojekts fertiggestellt ist, setzen wir uns zusammen, um die Zusammenarbeit zu evaluieren. Wir \u00fcberpr\u00fcfen, was gut funktioniert hat, was verbessert werden kann und einigen uns auf das weitere Vorgehen.<\/p>\n\t\t\t<!-- END .back -->\n\t\t <!-- ifb-flip-box -->\n\t <!-- flip-box -->\n\t\t\t\t\t\t\t\t\t\t\t\t<p>4<\/p>\n\t\t\t\t\t\t<p>Skalieren Sie mit dem richtigen Plan<\/p>\n\t\t\t<!-- END .front -->\n\t\t\t\t\t\t<p>Wenn Sie zufrieden sind, k\u00f6nnen Sie den optimalen Engineering-Plan f\u00fcr Ihre Bed\u00fcrfnisse ausw\u00e4hlen. Sie k\u00f6nnen die Kapazit\u00e4t jederzeit an Ihren Bedarf oder die Komplexit\u00e4t Ihres Projekts anpassen.<\/p>\n\t\t\t<!-- END .back -->\n\t\t <!-- ifb-flip-box -->\n\t <!-- flip-box -->\n<h2>\n\t\t\tErfahren Sie, wie Plug &#038; BIM sich in Ihren Workflow integrieren l\u00e4sst!\t<\/h2>\n\t<p>Jetzt, da Sie wissen, wie die Zusammenarbeit mit uns funktioniert, ist es Zeit, aktiv zu werden! Laden Sie unsere technischen Pl\u00e4ne herunter und entdecken Sie alle L\u00f6sungen, die wir je nach Ihren Projektanforderungen anbieten. Vereinbaren Sie noch heute ein unverbindliches Beratungsgespr\u00e4ch und erleben Sie die Vorteile von BIM in Ihrem ersten Pilotprojekt. Wir unterst\u00fctzen Sie umfassend!<\/p>\n\t\t\t<a href=\"https:\/\/plugandbim.com\/wp-content\/uploads\/2026\/03\/Engineering-plans-PB.pdf\" download target=\"_self\">\n\t\t\t\t\t\t\tTECHNISCHE PL\u00c4NE HERUNTERLADEN\n\t\t\t\t\t<\/a>\n\t\t\t<a href=\"https:\/\/wa.me\/59996995382?text=Hello%20I%20would%20like%20to%20schedule%20a%20discovery%20call%20with%20Plug%20and%20BIM\" target=\"_blank\" rel=\"noopener\">\n\t\t\t\t\t\t\tVEREINBAREN SIE EIN KENNENLERNGESPRACH\n\t\t\t\t\t<\/a>\n\t\t\t<a href=\"https:\/\/plugandbim.com\/contact\/\" target=\"_self\">\n\t\t\t\t\t\t\tKONTAKT\n\t\t\t\t\t<\/a>\n\n","protected":false},"excerpt":{"rendered":"<p>Dienstleistungen Bei Plug &#038; BIM liefern wir mehr als nur Modelle. Wir liefern fertige Systeme, die f\u00fcr Produktion, Logistik und Ausf\u00fchrung bereit sind. Unsere Leistungen basieren auf 3D, 4D und 5D BIM und gew\u00e4hrleisten, dass Designentscheidungen direkt in effiziente Bauergebnisse umgesetzt werden. Durch die Kombination von 3D, 4D und 5D BIM helfen wir unseren Kunden,&hellip;<\/p>\n","protected":false},"author":2,"featured_media":0,"parent":0,"menu_order":0,"comment_status":"closed","ping_status":"closed","template":"","meta":{"_acf_changed":false,"footnotes":""},"class_list":["post-3987","page","type-page","status-publish","hentry"],"acf":[],"yoast_head":"<!-- This site is optimized with the Yoast SEO plugin v27.4 - https:\/\/yoast.com\/product\/yoast-seo-wordpress\/ -->\n<title>Dienstleistungen - Plug &amp; Bim<\/title>\n<meta name=\"description\" content=\"Wir entwerfen intelligentere elektrische Systeme mit steckbaren 3D-L\u00f6sungen in REVIT \u2013 und sparen Ihnen so bei jedem Projekt Zeit und Kosten.\" \/>\n<meta name=\"robots\" content=\"index, follow, max-snippet:-1, max-image-preview:large, max-video-preview:-1\" \/>\n<link rel=\"canonical\" href=\"https:\/\/plugandbim.com\/de\/dienstleistungen\/\" \/>\n<meta property=\"og:locale\" content=\"de_DE\" \/>\n<meta property=\"og:type\" content=\"article\" \/>\n<meta property=\"og:title\" content=\"Dienstleistungen - Plug &amp; Bim\" \/>\n<meta property=\"og:description\" content=\"Wir entwerfen intelligentere elektrische Systeme mit steckbaren 3D-L\u00f6sungen in REVIT \u2013 und sparen Ihnen so bei jedem Projekt Zeit und Kosten.\" \/>\n<meta property=\"og:url\" content=\"https:\/\/plugandbim.com\/de\/dienstleistungen\/\" \/>\n<meta property=\"og:site_name\" content=\"Plug &amp; Bim\" \/>\n<meta property=\"article:modified_time\" content=\"2026-04-07T16:46:31+00:00\" \/>\n<meta property=\"og:image\" content=\"https:\/\/plugandbim.com\/wp-content\/uploads\/2023\/05\/black_logo_transparent_background-1.png\" \/>\n\t<meta property=\"og:image:width\" content=\"500\" \/>\n\t<meta property=\"og:image:height\" content=\"300\" \/>\n\t<meta property=\"og:image:type\" content=\"image\/png\" \/>\n<meta name=\"twitter:card\" content=\"summary_large_image\" \/>\n<meta name=\"twitter:label1\" content=\"Gesch\u00e4tzte Lesezeit\" \/>\n\t<meta name=\"twitter:data1\" content=\"11\u00a0Minuten\" \/>\n<script type=\"application\/ld+json\" class=\"yoast-schema-graph\">{\"@context\":\"https:\\\/\\\/schema.org\",\"@graph\":[{\"@type\":\"WebPage\",\"@id\":\"https:\\\/\\\/plugandbim.com\\\/de\\\/dienstleistungen\\\/\",\"url\":\"https:\\\/\\\/plugandbim.com\\\/de\\\/dienstleistungen\\\/\",\"name\":\"Dienstleistungen - Plug &amp; Bim\",\"isPartOf\":{\"@id\":\"https:\\\/\\\/plugandbim.com\\\/#website\"},\"datePublished\":\"2023-06-09T12:10:51+00:00\",\"dateModified\":\"2026-04-07T16:46:31+00:00\",\"description\":\"Wir entwerfen intelligentere elektrische Systeme mit steckbaren 3D-L\u00f6sungen in REVIT \u2013 und sparen Ihnen so bei jedem Projekt Zeit und Kosten.\",\"breadcrumb\":{\"@id\":\"https:\\\/\\\/plugandbim.com\\\/de\\\/dienstleistungen\\\/#breadcrumb\"},\"inLanguage\":\"de\",\"potentialAction\":[{\"@type\":\"ReadAction\",\"target\":[\"https:\\\/\\\/plugandbim.com\\\/de\\\/dienstleistungen\\\/\"]}]},{\"@type\":\"BreadcrumbList\",\"@id\":\"https:\\\/\\\/plugandbim.com\\\/de\\\/dienstleistungen\\\/#breadcrumb\",\"itemListElement\":[{\"@type\":\"ListItem\",\"position\":1,\"name\":\"Home\",\"item\":\"https:\\\/\\\/plugandbim.com\\\/de\\\/\"},{\"@type\":\"ListItem\",\"position\":2,\"name\":\"Dienstleistungen\"}]},{\"@type\":\"WebSite\",\"@id\":\"https:\\\/\\\/plugandbim.com\\\/#website\",\"url\":\"https:\\\/\\\/plugandbim.com\\\/\",\"name\":\"Plug &amp; Bim\",\"description\":\"Make it Pluggable\",\"publisher\":{\"@id\":\"https:\\\/\\\/plugandbim.com\\\/#organization\"},\"potentialAction\":[{\"@type\":\"SearchAction\",\"target\":{\"@type\":\"EntryPoint\",\"urlTemplate\":\"https:\\\/\\\/plugandbim.com\\\/?s={search_term_string}\"},\"query-input\":{\"@type\":\"PropertyValueSpecification\",\"valueRequired\":true,\"valueName\":\"search_term_string\"}}],\"inLanguage\":\"de\"},{\"@type\":\"Organization\",\"@id\":\"https:\\\/\\\/plugandbim.com\\\/#organization\",\"name\":\"Plug & Bim\",\"url\":\"https:\\\/\\\/plugandbim.com\\\/\",\"logo\":{\"@type\":\"ImageObject\",\"inLanguage\":\"de\",\"@id\":\"https:\\\/\\\/plugandbim.com\\\/#\\\/schema\\\/logo\\\/image\\\/\",\"url\":\"https:\\\/\\\/plugandbim.com\\\/wp-content\\\/uploads\\\/2023\\\/05\\\/black_logo_transparent_background-1.png\",\"contentUrl\":\"https:\\\/\\\/plugandbim.com\\\/wp-content\\\/uploads\\\/2023\\\/05\\\/black_logo_transparent_background-1.png\",\"width\":500,\"height\":300,\"caption\":\"Plug & Bim\"},\"image\":{\"@id\":\"https:\\\/\\\/plugandbim.com\\\/#\\\/schema\\\/logo\\\/image\\\/\"}}]}<\/script>\n<!-- \/ Yoast SEO plugin. -->","yoast_head_json":{"title":"Dienstleistungen - Plug &amp; Bim","description":"Wir entwerfen intelligentere elektrische Systeme mit steckbaren 3D-L\u00f6sungen in REVIT \u2013 und sparen Ihnen so bei jedem Projekt Zeit und Kosten.","robots":{"index":"index","follow":"follow","max-snippet":"max-snippet:-1","max-image-preview":"max-image-preview:large","max-video-preview":"max-video-preview:-1"},"canonical":"https:\/\/plugandbim.com\/de\/dienstleistungen\/","og_locale":"de_DE","og_type":"article","og_title":"Dienstleistungen - Plug &amp; Bim","og_description":"Wir entwerfen intelligentere elektrische Systeme mit steckbaren 3D-L\u00f6sungen in REVIT \u2013 und sparen Ihnen so bei jedem Projekt Zeit und Kosten.","og_url":"https:\/\/plugandbim.com\/de\/dienstleistungen\/","og_site_name":"Plug &amp; Bim","article_modified_time":"2026-04-07T16:46:31+00:00","og_image":[{"width":500,"height":300,"url":"https:\/\/plugandbim.com\/wp-content\/uploads\/2023\/05\/black_logo_transparent_background-1.png","type":"image\/png"}],"twitter_card":"summary_large_image","twitter_misc":{"Gesch\u00e4tzte Lesezeit":"11\u00a0Minuten"},"schema":{"@context":"https:\/\/schema.org","@graph":[{"@type":"WebPage","@id":"https:\/\/plugandbim.com\/de\/dienstleistungen\/","url":"https:\/\/plugandbim.com\/de\/dienstleistungen\/","name":"Dienstleistungen - Plug &amp; Bim","isPartOf":{"@id":"https:\/\/plugandbim.com\/#website"},"datePublished":"2023-06-09T12:10:51+00:00","dateModified":"2026-04-07T16:46:31+00:00","description":"Wir entwerfen intelligentere elektrische Systeme mit steckbaren 3D-L\u00f6sungen in REVIT \u2013 und sparen Ihnen so bei jedem Projekt Zeit und Kosten.","breadcrumb":{"@id":"https:\/\/plugandbim.com\/de\/dienstleistungen\/#breadcrumb"},"inLanguage":"de","potentialAction":[{"@type":"ReadAction","target":["https:\/\/plugandbim.com\/de\/dienstleistungen\/"]}]},{"@type":"BreadcrumbList","@id":"https:\/\/plugandbim.com\/de\/dienstleistungen\/#breadcrumb","itemListElement":[{"@type":"ListItem","position":1,"name":"Home","item":"https:\/\/plugandbim.com\/de\/"},{"@type":"ListItem","position":2,"name":"Dienstleistungen"}]},{"@type":"WebSite","@id":"https:\/\/plugandbim.com\/#website","url":"https:\/\/plugandbim.com\/","name":"Plug &amp; Bim","description":"Make it Pluggable","publisher":{"@id":"https:\/\/plugandbim.com\/#organization"},"potentialAction":[{"@type":"SearchAction","target":{"@type":"EntryPoint","urlTemplate":"https:\/\/plugandbim.com\/?s={search_term_string}"},"query-input":{"@type":"PropertyValueSpecification","valueRequired":true,"valueName":"search_term_string"}}],"inLanguage":"de"},{"@type":"Organization","@id":"https:\/\/plugandbim.com\/#organization","name":"Plug & Bim","url":"https:\/\/plugandbim.com\/","logo":{"@type":"ImageObject","inLanguage":"de","@id":"https:\/\/plugandbim.com\/#\/schema\/logo\/image\/","url":"https:\/\/plugandbim.com\/wp-content\/uploads\/2023\/05\/black_logo_transparent_background-1.png","contentUrl":"https:\/\/plugandbim.com\/wp-content\/uploads\/2023\/05\/black_logo_transparent_background-1.png","width":500,"height":300,"caption":"Plug & Bim"},"image":{"@id":"https:\/\/plugandbim.com\/#\/schema\/logo\/image\/"}}]}},"_links":{"self":[{"href":"https:\/\/plugandbim.com\/de\/wp-json\/wp\/v2\/pages\/3987","targetHints":{"allow":["GET"]}}],"collection":[{"href":"https:\/\/plugandbim.com\/de\/wp-json\/wp\/v2\/pages"}],"about":[{"href":"https:\/\/plugandbim.com\/de\/wp-json\/wp\/v2\/types\/page"}],"author":[{"embeddable":true,"href":"https:\/\/plugandbim.com\/de\/wp-json\/wp\/v2\/users\/2"}],"replies":[{"embeddable":true,"href":"https:\/\/plugandbim.com\/de\/wp-json\/wp\/v2\/comments?post=3987"}],"version-history":[{"count":26,"href":"https:\/\/plugandbim.com\/de\/wp-json\/wp\/v2\/pages\/3987\/revisions"}],"predecessor-version":[{"id":5129,"href":"https:\/\/plugandbim.com\/de\/wp-json\/wp\/v2\/pages\/3987\/revisions\/5129"}],"wp:attachment":[{"href":"https:\/\/plugandbim.com\/de\/wp-json\/wp\/v2\/media?parent=3987"}],"curies":[{"name":"wp","href":"https:\/\/api.w.org\/{rel}","templated":true}]}}