{"id":3951,"date":"2023-06-13T04:46:17","date_gmt":"2023-06-13T04:46:17","guid":{"rendered":"https:\/\/plugandbim.com\/contact-us\/"},"modified":"2026-05-05T15:24:52","modified_gmt":"2026-05-05T15:24:52","slug":"contacto","status":"publish","type":"page","link":"https:\/\/plugandbim.com\/es\/contacto\/","title":{"rendered":"Contacto"},"content":{"rendered":"\r\n<h2>\r\n\t\t\tContacto\t<\/h2>\r\n\tYa sea que est\u00e9 desarrollando un solo proyecto u optimizando un proceso de producci\u00f3n completo, Plug &amp; BIM est\u00e1 listo para ayudarle.<br \/>\r\nTrabajamos como socio t\u00e9cnico, integr\u00e1ndonos a la perfecci\u00f3n con su organizaci\u00f3n para ofrecer sistemas el\u00e9ctricos tipo pluggable y convencionales, y dise\u00f1ados con un completo an\u00e1lisis de dise\u00f1o, planificaci\u00f3n y costos. Cont\u00e1ctenos para descubrir c\u00f3mo BIM 3D, 4D y 5D puede aportar claridad, control y escalabilidad a su pr\u00f3ximo proyecto.\r\n<p><strong>\u00a1Dise\u00f1emos juntos sistemas m\u00e1s inteligentes!<\/strong><\/p>\r\n\t\t\t<h5>Contacto<\/h5>\t\t\t\r\n\t\t\t\t<p>Plug and Bim B.V.<\/p>\r\n<p>CW: <a href=\"https:\/\/wa.me\/59995651988\" target=\"_blank\" rel=\"noopener\">+599 95651988<\/a><\/p>\r\n<p><a href=\"mailto:info@plugandbim.com\">info@plugandbim.com<\/a><\/p>\r\n\t\t\t<h5>Camara de <br \/>Comercio<\/h5>\t\t\t\r\n\t\t\t\t<p>\u00a0<\/p>\r\n<p>Chamber of Commerce<br \/>nr. 162821<\/p>\r\n<p>Crib nr. 102643131<\/p>\r\n\t\t\t<h5>Detalles del Banco<\/h5>\t\t\t\r\n\t\t\t\t<p>Plug and Bim B.V.<br \/>IBAN: 34559501<br \/>BIC\/ SWIFT : BDCCCWCU<\/p>\r\n<p>Banco di Caribe<br \/>Schottegatweg Oost 205<br \/>Willemstad<br \/>Cura\u00e7ao<\/p>\r\n\t\t\t<h5>Redes Sociales<\/h5>\t\t\t\r\n<p><a href=\"https:\/\/www.instagram.com\/plugandbimbv\/\" target=\"_blank\" rel=\"noopener\"><img loading=\"lazy\" decoding=\"async\" src=\"https:\/\/plugandbim.com\/wp-content\/uploads\/2023\/05\/77517879-0CD8-4219-889D-07B6399F9012.png\" alt=\"insta-img\" width=\"20\" height=\"20\" \/> Instagram<\/a><\/p>\r\n<p><a href=\"https:\/\/www.linkedin.com\/company\/plug-and-bim\/\" target=\"_blank\" rel=\"noopener\"><img loading=\"lazy\" decoding=\"async\" src=\"https:\/\/plugandbim.com\/wp-content\/uploads\/2023\/05\/6083FD11-E3A1-4C45-A65E-33B407630B1F.png\" alt=\"insta-img\" width=\"20\" height=\"20\" \/> LinkedIn<\/a><\/p>\r\n<h2>\r\n\t\t\tLA EFICIENCIA COMIENZA AQUI\t<\/h2>\r\n\t\t\t<a href=\"mailto:info@plugandbim.com\" target=\"_blank\" rel=\"noopener\">\r\n\t\t\t\t\t\tDESCUBRE COMO PODEMOS AHORRARLE TIEMPO\r\n\t\t\t\t\t<\/a>\r\n\t\t\t<a href=\"https:\/\/wa.me\/59995651988?text=Hello%20I%20would%20like%20to%20schedule%20a%20discovery%20call%20with%20Plug%20and%20BIM\" target=\"_blank\" rel=\"noopener\">\r\n\t\t\t\t\t\tHABLAR CON UN INGENIERO\r\n\t\t\t\t\t<\/a>\r\n<h4>\r\n\t\t\tNuestros socios y marcas\t<\/h4>\r\n\r\n","protected":false},"excerpt":{"rendered":"<p>Contacto Ya sea que est\u00e9 desarrollando un solo proyecto u optimizando un proceso de producci\u00f3n completo, Plug &amp; BIM est\u00e1 listo para ayudarle. Trabajamos como socio t\u00e9cnico, integr\u00e1ndonos a la perfecci\u00f3n con su organizaci\u00f3n para ofrecer sistemas el\u00e9ctricos tipo pluggable y convencionales, y dise\u00f1ados con un completo an\u00e1lisis de dise\u00f1o, planificaci\u00f3n y costos. Cont\u00e1ctenos para&hellip;<\/p>\n","protected":false},"author":2,"featured_media":0,"parent":0,"menu_order":0,"comment_status":"closed","ping_status":"closed","template":"","meta":{"_acf_changed":false,"footnotes":""},"class_list":["post-3951","page","type-page","status-publish","hentry"],"acf":[],"yoast_head":"<!-- This site is optimized with the Yoast SEO plugin v27.6 - https:\/\/yoast.com\/product\/yoast-seo-wordpress\/ -->\n<title>Contacto - Plug &amp; Bim<\/title>\n<meta name=\"description\" content=\"Contacta con nuestros expertos en BIM el\u00e9ctrico y empieza tu proyecto con soluciones eficientes y escalables.\" \/>\n<meta name=\"robots\" content=\"index, follow, max-snippet:-1, max-image-preview:large, max-video-preview:-1\" \/>\n<link rel=\"canonical\" href=\"https:\/\/plugandbim.com\/es\/contacto\/\" \/>\n<meta property=\"og:locale\" content=\"es_ES\" \/>\n<meta property=\"og:type\" content=\"article\" \/>\n<meta property=\"og:title\" content=\"Contacto - Plug &amp; Bim\" \/>\n<meta property=\"og:description\" content=\"Contacta con nuestros expertos en BIM el\u00e9ctrico y empieza tu proyecto con soluciones eficientes y escalables.\" \/>\n<meta property=\"og:url\" content=\"https:\/\/plugandbim.com\/es\/contacto\/\" \/>\n<meta property=\"og:site_name\" content=\"Plug &amp; Bim\" \/>\n<meta property=\"article:modified_time\" content=\"2026-05-05T15:24:52+00:00\" \/>\n<meta property=\"og:image\" content=\"https:\/\/plugandbim.com\/wp-content\/uploads\/2023\/05\/77517879-0CD8-4219-889D-07B6399F9012.png\" \/>\n<meta name=\"twitter:card\" content=\"summary_large_image\" \/>\n<meta name=\"twitter:label1\" content=\"Tiempo de lectura\" \/>\n\t<meta name=\"twitter:data1\" content=\"5 minutos\" \/>\n<script type=\"application\/ld+json\" class=\"yoast-schema-graph\">{\"@context\":\"https:\\\/\\\/schema.org\",\"@graph\":[{\"@type\":\"WebPage\",\"@id\":\"https:\\\/\\\/plugandbim.com\\\/es\\\/contacto\\\/\",\"url\":\"https:\\\/\\\/plugandbim.com\\\/es\\\/contacto\\\/\",\"name\":\"Contacto - Plug &amp; Bim\",\"isPartOf\":{\"@id\":\"https:\\\/\\\/plugandbim.com\\\/#website\"},\"primaryImageOfPage\":{\"@id\":\"https:\\\/\\\/plugandbim.com\\\/es\\\/contacto\\\/#primaryimage\"},\"image\":{\"@id\":\"https:\\\/\\\/plugandbim.com\\\/es\\\/contacto\\\/#primaryimage\"},\"thumbnailUrl\":\"https:\\\/\\\/plugandbim.com\\\/wp-content\\\/uploads\\\/2023\\\/05\\\/77517879-0CD8-4219-889D-07B6399F9012.png\",\"datePublished\":\"2023-06-13T04:46:17+00:00\",\"dateModified\":\"2026-05-05T15:24:52+00:00\",\"description\":\"Contacta con nuestros expertos en BIM el\u00e9ctrico y empieza tu proyecto con soluciones eficientes y escalables.\",\"breadcrumb\":{\"@id\":\"https:\\\/\\\/plugandbim.com\\\/es\\\/contacto\\\/#breadcrumb\"},\"inLanguage\":\"es\",\"potentialAction\":[{\"@type\":\"ReadAction\",\"target\":[\"https:\\\/\\\/plugandbim.com\\\/es\\\/contacto\\\/\"]}]},{\"@type\":\"ImageObject\",\"inLanguage\":\"es\",\"@id\":\"https:\\\/\\\/plugandbim.com\\\/es\\\/contacto\\\/#primaryimage\",\"url\":\"https:\\\/\\\/plugandbim.com\\\/wp-content\\\/uploads\\\/2023\\\/05\\\/77517879-0CD8-4219-889D-07B6399F9012.png\",\"contentUrl\":\"https:\\\/\\\/plugandbim.com\\\/wp-content\\\/uploads\\\/2023\\\/05\\\/77517879-0CD8-4219-889D-07B6399F9012.png\"},{\"@type\":\"BreadcrumbList\",\"@id\":\"https:\\\/\\\/plugandbim.com\\\/es\\\/contacto\\\/#breadcrumb\",\"itemListElement\":[{\"@type\":\"ListItem\",\"position\":1,\"name\":\"Home\",\"item\":\"https:\\\/\\\/plugandbim.com\\\/es\\\/\"},{\"@type\":\"ListItem\",\"position\":2,\"name\":\"Contacto\"}]},{\"@type\":\"WebSite\",\"@id\":\"https:\\\/\\\/plugandbim.com\\\/#website\",\"url\":\"https:\\\/\\\/plugandbim.com\\\/\",\"name\":\"Plug &amp; Bim\",\"description\":\"Make it Pluggable\",\"publisher\":{\"@id\":\"https:\\\/\\\/plugandbim.com\\\/#organization\"},\"potentialAction\":[{\"@type\":\"SearchAction\",\"target\":{\"@type\":\"EntryPoint\",\"urlTemplate\":\"https:\\\/\\\/plugandbim.com\\\/?s={search_term_string}\"},\"query-input\":{\"@type\":\"PropertyValueSpecification\",\"valueRequired\":true,\"valueName\":\"search_term_string\"}}],\"inLanguage\":\"es\"},{\"@type\":\"Organization\",\"@id\":\"https:\\\/\\\/plugandbim.com\\\/#organization\",\"name\":\"Plug & Bim\",\"url\":\"https:\\\/\\\/plugandbim.com\\\/\",\"logo\":{\"@type\":\"ImageObject\",\"inLanguage\":\"es\",\"@id\":\"https:\\\/\\\/plugandbim.com\\\/#\\\/schema\\\/logo\\\/image\\\/\",\"url\":\"https:\\\/\\\/plugandbim.com\\\/wp-content\\\/uploads\\\/2023\\\/05\\\/black_logo_transparent_background-1.png\",\"contentUrl\":\"https:\\\/\\\/plugandbim.com\\\/wp-content\\\/uploads\\\/2023\\\/05\\\/black_logo_transparent_background-1.png\",\"width\":500,\"height\":300,\"caption\":\"Plug & Bim\"},\"image\":{\"@id\":\"https:\\\/\\\/plugandbim.com\\\/#\\\/schema\\\/logo\\\/image\\\/\"}}]}<\/script>\n<!-- \/ Yoast SEO plugin. -->","yoast_head_json":{"title":"Contacto - Plug &amp; Bim","description":"Contacta con nuestros expertos en BIM el\u00e9ctrico y empieza tu proyecto con soluciones eficientes y escalables.","robots":{"index":"index","follow":"follow","max-snippet":"max-snippet:-1","max-image-preview":"max-image-preview:large","max-video-preview":"max-video-preview:-1"},"canonical":"https:\/\/plugandbim.com\/es\/contacto\/","og_locale":"es_ES","og_type":"article","og_title":"Contacto - Plug &amp; Bim","og_description":"Contacta con nuestros expertos en BIM el\u00e9ctrico y empieza tu proyecto con soluciones eficientes y escalables.","og_url":"https:\/\/plugandbim.com\/es\/contacto\/","og_site_name":"Plug &amp; Bim","article_modified_time":"2026-05-05T15:24:52+00:00","og_image":[{"url":"https:\/\/plugandbim.com\/wp-content\/uploads\/2023\/05\/77517879-0CD8-4219-889D-07B6399F9012.png","type":"","width":"","height":""}],"twitter_card":"summary_large_image","twitter_misc":{"Tiempo de lectura":"5 minutos"},"schema":{"@context":"https:\/\/schema.org","@graph":[{"@type":"WebPage","@id":"https:\/\/plugandbim.com\/es\/contacto\/","url":"https:\/\/plugandbim.com\/es\/contacto\/","name":"Contacto - Plug &amp; Bim","isPartOf":{"@id":"https:\/\/plugandbim.com\/#website"},"primaryImageOfPage":{"@id":"https:\/\/plugandbim.com\/es\/contacto\/#primaryimage"},"image":{"@id":"https:\/\/plugandbim.com\/es\/contacto\/#primaryimage"},"thumbnailUrl":"https:\/\/plugandbim.com\/wp-content\/uploads\/2023\/05\/77517879-0CD8-4219-889D-07B6399F9012.png","datePublished":"2023-06-13T04:46:17+00:00","dateModified":"2026-05-05T15:24:52+00:00","description":"Contacta con nuestros expertos en BIM el\u00e9ctrico y empieza tu proyecto con soluciones eficientes y escalables.","breadcrumb":{"@id":"https:\/\/plugandbim.com\/es\/contacto\/#breadcrumb"},"inLanguage":"es","potentialAction":[{"@type":"ReadAction","target":["https:\/\/plugandbim.com\/es\/contacto\/"]}]},{"@type":"ImageObject","inLanguage":"es","@id":"https:\/\/plugandbim.com\/es\/contacto\/#primaryimage","url":"https:\/\/plugandbim.com\/wp-content\/uploads\/2023\/05\/77517879-0CD8-4219-889D-07B6399F9012.png","contentUrl":"https:\/\/plugandbim.com\/wp-content\/uploads\/2023\/05\/77517879-0CD8-4219-889D-07B6399F9012.png"},{"@type":"BreadcrumbList","@id":"https:\/\/plugandbim.com\/es\/contacto\/#breadcrumb","itemListElement":[{"@type":"ListItem","position":1,"name":"Home","item":"https:\/\/plugandbim.com\/es\/"},{"@type":"ListItem","position":2,"name":"Contacto"}]},{"@type":"WebSite","@id":"https:\/\/plugandbim.com\/#website","url":"https:\/\/plugandbim.com\/","name":"Plug &amp; Bim","description":"Make it Pluggable","publisher":{"@id":"https:\/\/plugandbim.com\/#organization"},"potentialAction":[{"@type":"SearchAction","target":{"@type":"EntryPoint","urlTemplate":"https:\/\/plugandbim.com\/?s={search_term_string}"},"query-input":{"@type":"PropertyValueSpecification","valueRequired":true,"valueName":"search_term_string"}}],"inLanguage":"es"},{"@type":"Organization","@id":"https:\/\/plugandbim.com\/#organization","name":"Plug & Bim","url":"https:\/\/plugandbim.com\/","logo":{"@type":"ImageObject","inLanguage":"es","@id":"https:\/\/plugandbim.com\/#\/schema\/logo\/image\/","url":"https:\/\/plugandbim.com\/wp-content\/uploads\/2023\/05\/black_logo_transparent_background-1.png","contentUrl":"https:\/\/plugandbim.com\/wp-content\/uploads\/2023\/05\/black_logo_transparent_background-1.png","width":500,"height":300,"caption":"Plug & Bim"},"image":{"@id":"https:\/\/plugandbim.com\/#\/schema\/logo\/image\/"}}]}},"_links":{"self":[{"href":"https:\/\/plugandbim.com\/es\/wp-json\/wp\/v2\/pages\/3951","targetHints":{"allow":["GET"]}}],"collection":[{"href":"https:\/\/plugandbim.com\/es\/wp-json\/wp\/v2\/pages"}],"about":[{"href":"https:\/\/plugandbim.com\/es\/wp-json\/wp\/v2\/types\/page"}],"author":[{"embeddable":true,"href":"https:\/\/plugandbim.com\/es\/wp-json\/wp\/v2\/users\/2"}],"replies":[{"embeddable":true,"href":"https:\/\/plugandbim.com\/es\/wp-json\/wp\/v2\/comments?post=3951"}],"version-history":[{"count":19,"href":"https:\/\/plugandbim.com\/es\/wp-json\/wp\/v2\/pages\/3951\/revisions"}],"predecessor-version":[{"id":5200,"href":"https:\/\/plugandbim.com\/es\/wp-json\/wp\/v2\/pages\/3951\/revisions\/5200"}],"wp:attachment":[{"href":"https:\/\/plugandbim.com\/es\/wp-json\/wp\/v2\/media?parent=3951"}],"curies":[{"name":"wp","href":"https:\/\/api.w.org\/{rel}","templated":true}]}}