{"id":3959,"date":"2023-06-13T06:42:24","date_gmt":"2023-06-13T06:42:24","guid":{"rendered":"https:\/\/plugandbim.com\/disclaimer\/"},"modified":"2025-06-05T20:34:40","modified_gmt":"2025-06-05T20:34:40","slug":"descargo-de-responsabilidad","status":"publish","type":"page","link":"https:\/\/plugandbim.com\/es\/descargo-de-responsabilidad\/","title":{"rendered":"Descargo de responsabilidad"},"content":{"rendered":"\n<h2>\n\t\tDisclaimer\n\t<\/h2>\n\t<h4>DESCARGO DE RESPONSABILIDAD<\/h4>\n<p>Plug and Bim B.V. (n\u00famero de registro mercantil 162821), en adelante referido como Plug and Bim, le otorga acceso a <a href=\"http:\/\/www.plugandbim.com.nl\" target=\"_blank\" rel=\"noopener\">www.plugandbim.com.nl<\/a> (el sitio web) y publica aqu\u00ed textos, im\u00e1genes y otros materiales para su informaci\u00f3n. Plug and Bim se reserva el derecho de modificar el contenido o eliminar partes del mismo en cualquier momento sin previo aviso.<\/p>\n<p>La informaci\u00f3n del sitio web no es vinculante y no constituye una oferta concreta para la celebraci\u00f3n de un contrato. Los contratos solo se celebran mediante la aceptaci\u00f3n de una oferta designada como tal en el sitio web.<\/p>\n\t<h4>RESPONSABILIDAD LIMITADA<\/h4>\n<p>Plug and Bim se esfuerza al m\u00e1ximo por actualizar o complementar el contenido del sitio web con la mayor frecuencia posible. A pesar de este cuidado y atenci\u00f3n, es posible que el contenido est\u00e9 incompleto o sea incorrecto.<\/p>\n<p>Los materiales ofrecidos en el sitio web se ofrecen sin garant\u00eda ni garant\u00eda de exactitud. Estos materiales pueden cambiar en cualquier momento sin previo aviso por parte de Plug and Bim. En particular, todos los precios del sitio web est\u00e1n sujetos a errores tipogr\u00e1ficos y de programaci\u00f3n. No se asume ninguna responsabilidad por las consecuencias de dichos errores. No se formaliza ning\u00fan acuerdo sobre la base de dichos errores. Plug and Bim no se responsabiliza en ning\u00fan caso de los hiperv\u00ednculos a sitios web o servicios de terceros incluidos en el sitio web.<\/p>\n\t<h4>REGALIAS<\/h4>\n<p>Todos los derechos de propiedad intelectual sobre estos materiales pertenecen a Plug and Bim. Queda prohibida la copia, distribuci\u00f3n y cualquier otro uso de estos materiales sin la autorizaci\u00f3n escrita de Plug and Bim, salvo que se indique lo contrario en las normativas de derecho imperativo (como el derecho de cita).<\/p>\n\n","protected":false},"excerpt":{"rendered":"<p>Disclaimer DESCARGO DE RESPONSABILIDAD Plug and Bim B.V. (n\u00famero de registro mercantil 162821), en adelante referido como Plug and Bim, le otorga acceso a www.plugandbim.com.nl (el sitio web) y publica aqu\u00ed textos, im\u00e1genes y otros materiales para su informaci\u00f3n. Plug and Bim se reserva el derecho de modificar el contenido o eliminar partes del mismo&hellip;<\/p>\n","protected":false},"author":2,"featured_media":0,"parent":0,"menu_order":0,"comment_status":"closed","ping_status":"closed","template":"","meta":{"_acf_changed":false,"footnotes":""},"class_list":["post-3959","page","type-page","status-publish","hentry"],"acf":[],"yoast_head":"<!-- This site is optimized with the Yoast SEO plugin v27.4 - https:\/\/yoast.com\/product\/yoast-seo-wordpress\/ -->\n<title>Descargo de responsabilidad - Plug &amp; Bim<\/title>\n<meta name=\"description\" content=\"Read our website&#039;s disclaimer to understand our content guidelines\" \/>\n<meta name=\"robots\" content=\"index, follow, max-snippet:-1, max-image-preview:large, max-video-preview:-1\" \/>\n<link rel=\"canonical\" href=\"https:\/\/plugandbim.com\/es\/descargo-de-responsabilidad\/\" \/>\n<meta property=\"og:locale\" content=\"es_ES\" \/>\n<meta property=\"og:type\" content=\"article\" \/>\n<meta property=\"og:title\" content=\"Descargo de responsabilidad - Plug &amp; Bim\" \/>\n<meta property=\"og:description\" content=\"Read our website&#039;s disclaimer to understand our content guidelines\" \/>\n<meta property=\"og:url\" content=\"https:\/\/plugandbim.com\/es\/descargo-de-responsabilidad\/\" \/>\n<meta property=\"og:site_name\" content=\"Plug &amp; Bim\" \/>\n<meta property=\"article:modified_time\" content=\"2025-06-05T20:34:40+00:00\" \/>\n<meta property=\"og:image\" content=\"https:\/\/plugandbim.com\/wp-content\/uploads\/2023\/05\/black_logo_transparent_background-1.png\" \/>\n\t<meta property=\"og:image:width\" content=\"500\" \/>\n\t<meta property=\"og:image:height\" content=\"300\" \/>\n\t<meta property=\"og:image:type\" content=\"image\/png\" \/>\n<meta name=\"twitter:card\" content=\"summary_large_image\" \/>\n<meta name=\"twitter:label1\" content=\"Tiempo de lectura\" \/>\n\t<meta name=\"twitter:data1\" content=\"2 minutos\" \/>\n<script type=\"application\/ld+json\" class=\"yoast-schema-graph\">{\"@context\":\"https:\\\/\\\/schema.org\",\"@graph\":[{\"@type\":\"WebPage\",\"@id\":\"https:\\\/\\\/plugandbim.com\\\/es\\\/descargo-de-responsabilidad\\\/\",\"url\":\"https:\\\/\\\/plugandbim.com\\\/es\\\/descargo-de-responsabilidad\\\/\",\"name\":\"Descargo de responsabilidad - Plug &amp; Bim\",\"isPartOf\":{\"@id\":\"https:\\\/\\\/plugandbim.com\\\/#website\"},\"datePublished\":\"2023-06-13T06:42:24+00:00\",\"dateModified\":\"2025-06-05T20:34:40+00:00\",\"description\":\"Read our website's disclaimer to understand our content guidelines\",\"breadcrumb\":{\"@id\":\"https:\\\/\\\/plugandbim.com\\\/es\\\/descargo-de-responsabilidad\\\/#breadcrumb\"},\"inLanguage\":\"es\",\"potentialAction\":[{\"@type\":\"ReadAction\",\"target\":[\"https:\\\/\\\/plugandbim.com\\\/es\\\/descargo-de-responsabilidad\\\/\"]}]},{\"@type\":\"BreadcrumbList\",\"@id\":\"https:\\\/\\\/plugandbim.com\\\/es\\\/descargo-de-responsabilidad\\\/#breadcrumb\",\"itemListElement\":[{\"@type\":\"ListItem\",\"position\":1,\"name\":\"Home\",\"item\":\"https:\\\/\\\/plugandbim.com\\\/es\\\/\"},{\"@type\":\"ListItem\",\"position\":2,\"name\":\"Descargo de responsabilidad\"}]},{\"@type\":\"WebSite\",\"@id\":\"https:\\\/\\\/plugandbim.com\\\/#website\",\"url\":\"https:\\\/\\\/plugandbim.com\\\/\",\"name\":\"Plug &amp; Bim\",\"description\":\"Make it Pluggable\",\"publisher\":{\"@id\":\"https:\\\/\\\/plugandbim.com\\\/#organization\"},\"potentialAction\":[{\"@type\":\"SearchAction\",\"target\":{\"@type\":\"EntryPoint\",\"urlTemplate\":\"https:\\\/\\\/plugandbim.com\\\/?s={search_term_string}\"},\"query-input\":{\"@type\":\"PropertyValueSpecification\",\"valueRequired\":true,\"valueName\":\"search_term_string\"}}],\"inLanguage\":\"es\"},{\"@type\":\"Organization\",\"@id\":\"https:\\\/\\\/plugandbim.com\\\/#organization\",\"name\":\"Plug & Bim\",\"url\":\"https:\\\/\\\/plugandbim.com\\\/\",\"logo\":{\"@type\":\"ImageObject\",\"inLanguage\":\"es\",\"@id\":\"https:\\\/\\\/plugandbim.com\\\/#\\\/schema\\\/logo\\\/image\\\/\",\"url\":\"https:\\\/\\\/plugandbim.com\\\/wp-content\\\/uploads\\\/2023\\\/05\\\/black_logo_transparent_background-1.png\",\"contentUrl\":\"https:\\\/\\\/plugandbim.com\\\/wp-content\\\/uploads\\\/2023\\\/05\\\/black_logo_transparent_background-1.png\",\"width\":500,\"height\":300,\"caption\":\"Plug & Bim\"},\"image\":{\"@id\":\"https:\\\/\\\/plugandbim.com\\\/#\\\/schema\\\/logo\\\/image\\\/\"}}]}<\/script>\n<!-- \/ Yoast SEO plugin. -->","yoast_head_json":{"title":"Descargo de responsabilidad - Plug &amp; Bim","description":"Read our website's disclaimer to understand our content guidelines","robots":{"index":"index","follow":"follow","max-snippet":"max-snippet:-1","max-image-preview":"max-image-preview:large","max-video-preview":"max-video-preview:-1"},"canonical":"https:\/\/plugandbim.com\/es\/descargo-de-responsabilidad\/","og_locale":"es_ES","og_type":"article","og_title":"Descargo de responsabilidad - Plug &amp; Bim","og_description":"Read our website's disclaimer to understand our content guidelines","og_url":"https:\/\/plugandbim.com\/es\/descargo-de-responsabilidad\/","og_site_name":"Plug &amp; Bim","article_modified_time":"2025-06-05T20:34:40+00:00","og_image":[{"width":500,"height":300,"url":"https:\/\/plugandbim.com\/wp-content\/uploads\/2023\/05\/black_logo_transparent_background-1.png","type":"image\/png"}],"twitter_card":"summary_large_image","twitter_misc":{"Tiempo de lectura":"2 minutos"},"schema":{"@context":"https:\/\/schema.org","@graph":[{"@type":"WebPage","@id":"https:\/\/plugandbim.com\/es\/descargo-de-responsabilidad\/","url":"https:\/\/plugandbim.com\/es\/descargo-de-responsabilidad\/","name":"Descargo de responsabilidad - Plug &amp; Bim","isPartOf":{"@id":"https:\/\/plugandbim.com\/#website"},"datePublished":"2023-06-13T06:42:24+00:00","dateModified":"2025-06-05T20:34:40+00:00","description":"Read our website's disclaimer to understand our content guidelines","breadcrumb":{"@id":"https:\/\/plugandbim.com\/es\/descargo-de-responsabilidad\/#breadcrumb"},"inLanguage":"es","potentialAction":[{"@type":"ReadAction","target":["https:\/\/plugandbim.com\/es\/descargo-de-responsabilidad\/"]}]},{"@type":"BreadcrumbList","@id":"https:\/\/plugandbim.com\/es\/descargo-de-responsabilidad\/#breadcrumb","itemListElement":[{"@type":"ListItem","position":1,"name":"Home","item":"https:\/\/plugandbim.com\/es\/"},{"@type":"ListItem","position":2,"name":"Descargo de responsabilidad"}]},{"@type":"WebSite","@id":"https:\/\/plugandbim.com\/#website","url":"https:\/\/plugandbim.com\/","name":"Plug &amp; Bim","description":"Make it Pluggable","publisher":{"@id":"https:\/\/plugandbim.com\/#organization"},"potentialAction":[{"@type":"SearchAction","target":{"@type":"EntryPoint","urlTemplate":"https:\/\/plugandbim.com\/?s={search_term_string}"},"query-input":{"@type":"PropertyValueSpecification","valueRequired":true,"valueName":"search_term_string"}}],"inLanguage":"es"},{"@type":"Organization","@id":"https:\/\/plugandbim.com\/#organization","name":"Plug & Bim","url":"https:\/\/plugandbim.com\/","logo":{"@type":"ImageObject","inLanguage":"es","@id":"https:\/\/plugandbim.com\/#\/schema\/logo\/image\/","url":"https:\/\/plugandbim.com\/wp-content\/uploads\/2023\/05\/black_logo_transparent_background-1.png","contentUrl":"https:\/\/plugandbim.com\/wp-content\/uploads\/2023\/05\/black_logo_transparent_background-1.png","width":500,"height":300,"caption":"Plug & Bim"},"image":{"@id":"https:\/\/plugandbim.com\/#\/schema\/logo\/image\/"}}]}},"_links":{"self":[{"href":"https:\/\/plugandbim.com\/es\/wp-json\/wp\/v2\/pages\/3959","targetHints":{"allow":["GET"]}}],"collection":[{"href":"https:\/\/plugandbim.com\/es\/wp-json\/wp\/v2\/pages"}],"about":[{"href":"https:\/\/plugandbim.com\/es\/wp-json\/wp\/v2\/types\/page"}],"author":[{"embeddable":true,"href":"https:\/\/plugandbim.com\/es\/wp-json\/wp\/v2\/users\/2"}],"replies":[{"embeddable":true,"href":"https:\/\/plugandbim.com\/es\/wp-json\/wp\/v2\/comments?post=3959"}],"version-history":[{"count":3,"href":"https:\/\/plugandbim.com\/es\/wp-json\/wp\/v2\/pages\/3959\/revisions"}],"predecessor-version":[{"id":4244,"href":"https:\/\/plugandbim.com\/es\/wp-json\/wp\/v2\/pages\/3959\/revisions\/4244"}],"wp:attachment":[{"href":"https:\/\/plugandbim.com\/es\/wp-json\/wp\/v2\/media?parent=3959"}],"curies":[{"name":"wp","href":"https:\/\/api.w.org\/{rel}","templated":true}]}}