{"id":3974,"date":"2023-05-07T19:12:52","date_gmt":"2023-05-07T19:12:52","guid":{"rendered":"https:\/\/plugandbim.com\/home\/"},"modified":"2026-04-13T13:16:10","modified_gmt":"2026-04-13T13:16:10","slug":"home","status":"publish","type":"page","link":"https:\/\/plugandbim.com\/es\/","title":{"rendered":"Inicio"},"content":{"rendered":"\n\n\t<p>No somos una oficina de dise\u00f1o el\u00e9ctrico tradicional, ni tampoco una empresa de modelado BIM. <strong>Plug &amp; BIM<\/strong> ofrece ingenier\u00eda el\u00e9ctrica lista para la ejecuci\u00f3n, que integra dise\u00f1o, c\u00e1lculo de costes, prefabricaci\u00f3n, instalaci\u00f3n y preparaci\u00f3n del trabajo.<\/p>\n\t<p>Hemos desarrollado nuestros propios <strong>sistemas de ingenier\u00eda basados \u200b\u200ben BIM<\/strong> para estandarizar y agilizar todo el proceso. Esto nos permite trabajar m\u00e1s r\u00e1pido, reducir errores y ofrecer una calidad uniforme en cada proyecto. Lo que nos diferencia no es un solo servicio, sino c\u00f3mo todo se conecta:<\/p>\n\t<ul>\n<li>Dise\u00f1amos instalaciones el\u00e9ctricas completas, no solo planos o componentes.<\/li>\n<li>Trabajamos \u00edntegramente con BIM 3D, 4D y 5D, integrando el dise\u00f1o con la planificaci\u00f3n, la log\u00edstica y el control de costes.<\/li>\n<li>Adaptamos los sistemas a las limitaciones reales de la construcci\u00f3n, los flujos de trabajo de f\u00e1brica y los requisitos espec\u00edficos de cada proyecto.<\/li>\n<li>Nos integramos sin problemas en los equipos existentes, trabajando a menudo de forma remota como una extensi\u00f3n de las organizaciones de nuestros socios.<\/li>\n<li>Nos especializamos en ingenier\u00eda residencial para viviendas escalables; ingenier\u00eda prefabricada para construcci\u00f3n modular; e ingenier\u00eda para hosteler\u00eda y servicios p\u00fablicos en entornos comerciales.<\/li>\n<\/ul>\n\t<blockquote><p><em><strong>No entregamos planos. Entregamos sistemas el\u00e9ctricos que se pueden construir, calcular y preparar.<\/strong><\/em><\/p><\/blockquote>\n\t<strong>Instalaciones m\u00e1s r\u00e1pidas. Conexiones m\u00e1s inteligentes.<\/strong><br \/>\nEso es Plug and BIM\n\t\t\t<h3> Ejecuci\u00f3n m\u00e1s r\u00e1pida<\/h3>\t\t\n\t\t\t<h3> Menos errores<\/h3>\t\t\n\t\t\t<h3> Menos trabajo<\/h3>\t\t\n\t\t\t<h3> Instalaci\u00f3n perfecta<\/h3>\t\t\n\t\t\t<h3> Sistemas escalables<\/h3>\t\t\n\t<p><em>Explora nuestra demostraci\u00f3n BIM interactiva y<\/em><\/p>\n\t\t\t<a href=\"https:\/\/autode.sk\/40slCd1\" target=\"_blank\" rel=\"noopener\">\n\t\t\t\t\t\tDesc\u00fabrelo t\u00fa mismo\n\t\t\t\t\t<\/a>\n\t<p>\u00bfC\u00d3MO EMPEZAMOS A<\/p>\n\t\t\t\t\t\t\t\t\t\t\t\t<p>1<\/p>\n\t\t\t\t\t\t<p>Reuni\u00f3n exploratoria<\/p>\t\t\t\t\t\n\t\t\t<!-- END .front -->\n\t\t\t\t\t\t<p>Nos gusta comenzar con una sesi\u00f3n espec\u00edfica para comprender sus necesidades, desaf\u00edos y objetivos del proyecto. Al mismo tiempo, le mostramos c\u00f3mo trabajamos, qu\u00e9 es posible y qu\u00e9 puede esperar, utilizando ejemplos reales de proyectos anteriores.<\/p>\n\t\t\t<!-- END .back -->\n\t\t <!-- ifb-flip-box -->\n\t <!-- flip-box -->\n\t\t\t\t\t\t\t\t\t\t\t\t<p>2<\/p>\n\t\t\t\t\t\t<p>Proyecto piloto remunerado<br \/>(Recomendado)<\/p>\t\t\t\t\t\n\t\t\t<!-- END .front -->\n\t\t\t\t\t\t<p>Antes de comprometerse a largo plazo, sugerimos un peque\u00f1o proyecto piloto. Esto permite a ambas partes probar la colaboraci\u00f3n, la comunicaci\u00f3n, el intercambio de archivos y la alineaci\u00f3n t\u00e9cnica en un entorno de proyecto real.<\/p>\t\t\t\t\t\n\t\t\t<!-- END .back -->\n\t\t <!-- ifb-flip-box -->\n\t <!-- flip-box -->\n\t\t\t\t\t\t\t\t\t\t\t\t<p>3<\/p>\n\t\t\t\t\t\t<p>Evaluaci\u00f3n y Alineaci\u00f3n<\/p>\t\t\t\t\t\n\t\t\t<!-- END .front -->\n\t\t\t\t\t\t<p>Una vez entregada la primera versi\u00f3n del programa piloto, nos reunimos para evaluar la colaboraci\u00f3n. Analizamos qu\u00e9 funcion\u00f3, qu\u00e9 se puede mejorar y definimos los pasos a seguir.<\/p>\t\t\t\t\t\n\t\t\t<!-- END .back -->\n\t\t <!-- ifb-flip-box -->\n\t <!-- flip-box -->\n\t\t\t\t\t\t\t\t\t\t\t\t<p>4<\/p>\n\t\t\t\t\t\t<p>Escala con el plan adecuado<\/p>\t\t\t\t\t\n\t\t\t<!-- END .front -->\n\t\t\t\t\t\t<p>Si est\u00e1 satisfecho, puede elegir el plan de ingenier\u00eda que mejor se adapte a sus necesidades. Siempre puede aumentar o disminuir la capacidad seg\u00fan la demanda o la complejidad del proyecto.<\/p>\n\t\t\t<!-- END .back -->\n\t\t <!-- ifb-flip-box -->\n\t <!-- flip-box -->\n\t<p>Ya elegiste tu plan<\/p>\n<h2>\n\t\t\t\u00bfC\u00f3mo empezamos un proyecto?\t<\/h2>\n\t<p>Si busca un socio que ofrezca soluciones m\u00e1s all\u00e1 de las convencionales, cont\u00e1ctenos hoy mismo, programe su reuni\u00f3n exploratoria y descargue nuestro modelo de ingenier\u00eda para obtener m\u00e1s informaci\u00f3n sobre nuestros planes y las soluciones perfectas para sus proyectos.<\/p>\n<h4>\n\t\t\tNuestros socios y marcas\t<\/h4>\n\n","protected":false},"excerpt":{"rendered":"<p>No somos una oficina de dise\u00f1o el\u00e9ctrico tradicional, ni tampoco una empresa de modelado BIM. Plug &amp; BIM ofrece ingenier\u00eda el\u00e9ctrica lista para la ejecuci\u00f3n, que integra dise\u00f1o, c\u00e1lculo de costes, prefabricaci\u00f3n, instalaci\u00f3n y preparaci\u00f3n del trabajo. Hemos desarrollado nuestros propios sistemas de ingenier\u00eda basados \u200b\u200ben BIM para estandarizar y agilizar todo el proceso. Esto&hellip;<\/p>\n","protected":false},"author":2,"featured_media":2674,"parent":0,"menu_order":0,"comment_status":"closed","ping_status":"closed","template":"","meta":{"_acf_changed":false,"footnotes":""},"class_list":["post-3974","page","type-page","status-publish","has-post-thumbnail","hentry"],"acf":[],"yoast_head":"<!-- This site is optimized with the Yoast SEO plugin v27.4 - https:\/\/yoast.com\/product\/yoast-seo-wordpress\/ -->\n<title>Inicio - Plug &amp; Bim<\/title>\n<meta name=\"description\" content=\"Hacemos m\u00e1s que dise\u00f1o el\u00e9ctrico: nos especializamos en instalaciones conectables 3D en REVIT, reduciendo riesgos, ahorrando tiempo y optimizando costos\" \/>\n<meta name=\"robots\" content=\"index, follow, max-snippet:-1, max-image-preview:large, max-video-preview:-1\" \/>\n<link rel=\"canonical\" href=\"https:\/\/plugandbim.com\/es\/\" \/>\n<meta property=\"og:locale\" content=\"es_ES\" \/>\n<meta property=\"og:type\" content=\"article\" \/>\n<meta property=\"og:title\" content=\"Inicio - Plug &amp; Bim\" \/>\n<meta property=\"og:description\" content=\"Hacemos m\u00e1s que dise\u00f1o el\u00e9ctrico: nos especializamos en instalaciones conectables 3D en REVIT, reduciendo riesgos, ahorrando tiempo y optimizando costos\" \/>\n<meta property=\"og:url\" content=\"https:\/\/plugandbim.com\/es\/\" \/>\n<meta property=\"og:site_name\" content=\"Plug &amp; Bim\" \/>\n<meta property=\"article:modified_time\" content=\"2026-04-13T13:16:10+00:00\" \/>\n<meta property=\"og:image\" content=\"https:\/\/plugandbim.com\/wp-content\/uploads\/2023\/05\/black_logo_transparent_background-1.png\" \/>\n\t<meta property=\"og:image:width\" content=\"500\" \/>\n\t<meta property=\"og:image:height\" content=\"300\" \/>\n\t<meta property=\"og:image:type\" content=\"image\/png\" \/>\n<meta name=\"twitter:card\" content=\"summary_large_image\" \/>\n<meta name=\"twitter:label1\" content=\"Tiempo de lectura\" \/>\n\t<meta name=\"twitter:data1\" content=\"7 minutos\" \/>\n<script type=\"application\/ld+json\" class=\"yoast-schema-graph\">{\"@context\":\"https:\\\/\\\/schema.org\",\"@graph\":[{\"@type\":\"WebPage\",\"@id\":\"https:\\\/\\\/plugandbim.com\\\/es\\\/\",\"url\":\"https:\\\/\\\/plugandbim.com\\\/es\\\/\",\"name\":\"Inicio - Plug &amp; Bim\",\"isPartOf\":{\"@id\":\"https:\\\/\\\/plugandbim.com\\\/#website\"},\"primaryImageOfPage\":{\"@id\":\"https:\\\/\\\/plugandbim.com\\\/es\\\/#primaryimage\"},\"image\":{\"@id\":\"https:\\\/\\\/plugandbim.com\\\/es\\\/#primaryimage\"},\"thumbnailUrl\":\"https:\\\/\\\/plugandbim.com\\\/wp-content\\\/uploads\\\/2023\\\/05\\\/black_logo_transparent_background-1.png\",\"datePublished\":\"2023-05-07T19:12:52+00:00\",\"dateModified\":\"2026-04-13T13:16:10+00:00\",\"description\":\"Hacemos m\u00e1s que dise\u00f1o el\u00e9ctrico: nos especializamos en instalaciones conectables 3D en REVIT, reduciendo riesgos, ahorrando tiempo y optimizando costos\",\"breadcrumb\":{\"@id\":\"https:\\\/\\\/plugandbim.com\\\/es\\\/#breadcrumb\"},\"inLanguage\":\"es\",\"potentialAction\":[{\"@type\":\"ReadAction\",\"target\":[\"https:\\\/\\\/plugandbim.com\\\/es\\\/\"]}]},{\"@type\":\"ImageObject\",\"inLanguage\":\"es\",\"@id\":\"https:\\\/\\\/plugandbim.com\\\/es\\\/#primaryimage\",\"url\":\"https:\\\/\\\/plugandbim.com\\\/wp-content\\\/uploads\\\/2023\\\/05\\\/black_logo_transparent_background-1.png\",\"contentUrl\":\"https:\\\/\\\/plugandbim.com\\\/wp-content\\\/uploads\\\/2023\\\/05\\\/black_logo_transparent_background-1.png\",\"width\":500,\"height\":300,\"caption\":\"black_logo_transparent_background_plug_and_bim\"},{\"@type\":\"BreadcrumbList\",\"@id\":\"https:\\\/\\\/plugandbim.com\\\/es\\\/#breadcrumb\",\"itemListElement\":[{\"@type\":\"ListItem\",\"position\":1,\"name\":\"Home\",\"item\":\"https:\\\/\\\/plugandbim.com\\\/es\\\/\"},{\"@type\":\"ListItem\",\"position\":2,\"name\":\"Inicio\"}]},{\"@type\":\"WebSite\",\"@id\":\"https:\\\/\\\/plugandbim.com\\\/#website\",\"url\":\"https:\\\/\\\/plugandbim.com\\\/\",\"name\":\"Plug &amp; Bim\",\"description\":\"Make it Pluggable\",\"publisher\":{\"@id\":\"https:\\\/\\\/plugandbim.com\\\/#organization\"},\"potentialAction\":[{\"@type\":\"SearchAction\",\"target\":{\"@type\":\"EntryPoint\",\"urlTemplate\":\"https:\\\/\\\/plugandbim.com\\\/?s={search_term_string}\"},\"query-input\":{\"@type\":\"PropertyValueSpecification\",\"valueRequired\":true,\"valueName\":\"search_term_string\"}}],\"inLanguage\":\"es\"},{\"@type\":\"Organization\",\"@id\":\"https:\\\/\\\/plugandbim.com\\\/#organization\",\"name\":\"Plug & Bim\",\"url\":\"https:\\\/\\\/plugandbim.com\\\/\",\"logo\":{\"@type\":\"ImageObject\",\"inLanguage\":\"es\",\"@id\":\"https:\\\/\\\/plugandbim.com\\\/#\\\/schema\\\/logo\\\/image\\\/\",\"url\":\"https:\\\/\\\/plugandbim.com\\\/wp-content\\\/uploads\\\/2023\\\/05\\\/black_logo_transparent_background-1.png\",\"contentUrl\":\"https:\\\/\\\/plugandbim.com\\\/wp-content\\\/uploads\\\/2023\\\/05\\\/black_logo_transparent_background-1.png\",\"width\":500,\"height\":300,\"caption\":\"Plug & Bim\"},\"image\":{\"@id\":\"https:\\\/\\\/plugandbim.com\\\/#\\\/schema\\\/logo\\\/image\\\/\"}}]}<\/script>\n<!-- \/ Yoast SEO plugin. -->","yoast_head_json":{"title":"Inicio - Plug &amp; Bim","description":"Hacemos m\u00e1s que dise\u00f1o el\u00e9ctrico: nos especializamos en instalaciones conectables 3D en REVIT, reduciendo riesgos, ahorrando tiempo y optimizando costos","robots":{"index":"index","follow":"follow","max-snippet":"max-snippet:-1","max-image-preview":"max-image-preview:large","max-video-preview":"max-video-preview:-1"},"canonical":"https:\/\/plugandbim.com\/es\/","og_locale":"es_ES","og_type":"article","og_title":"Inicio - Plug &amp; Bim","og_description":"Hacemos m\u00e1s que dise\u00f1o el\u00e9ctrico: nos especializamos en instalaciones conectables 3D en REVIT, reduciendo riesgos, ahorrando tiempo y optimizando costos","og_url":"https:\/\/plugandbim.com\/es\/","og_site_name":"Plug &amp; Bim","article_modified_time":"2026-04-13T13:16:10+00:00","og_image":[{"width":500,"height":300,"url":"https:\/\/plugandbim.com\/wp-content\/uploads\/2023\/05\/black_logo_transparent_background-1.png","type":"image\/png"}],"twitter_card":"summary_large_image","twitter_misc":{"Tiempo de lectura":"7 minutos"},"schema":{"@context":"https:\/\/schema.org","@graph":[{"@type":"WebPage","@id":"https:\/\/plugandbim.com\/es\/","url":"https:\/\/plugandbim.com\/es\/","name":"Inicio - Plug &amp; Bim","isPartOf":{"@id":"https:\/\/plugandbim.com\/#website"},"primaryImageOfPage":{"@id":"https:\/\/plugandbim.com\/es\/#primaryimage"},"image":{"@id":"https:\/\/plugandbim.com\/es\/#primaryimage"},"thumbnailUrl":"https:\/\/plugandbim.com\/wp-content\/uploads\/2023\/05\/black_logo_transparent_background-1.png","datePublished":"2023-05-07T19:12:52+00:00","dateModified":"2026-04-13T13:16:10+00:00","description":"Hacemos m\u00e1s que dise\u00f1o el\u00e9ctrico: nos especializamos en instalaciones conectables 3D en REVIT, reduciendo riesgos, ahorrando tiempo y optimizando costos","breadcrumb":{"@id":"https:\/\/plugandbim.com\/es\/#breadcrumb"},"inLanguage":"es","potentialAction":[{"@type":"ReadAction","target":["https:\/\/plugandbim.com\/es\/"]}]},{"@type":"ImageObject","inLanguage":"es","@id":"https:\/\/plugandbim.com\/es\/#primaryimage","url":"https:\/\/plugandbim.com\/wp-content\/uploads\/2023\/05\/black_logo_transparent_background-1.png","contentUrl":"https:\/\/plugandbim.com\/wp-content\/uploads\/2023\/05\/black_logo_transparent_background-1.png","width":500,"height":300,"caption":"black_logo_transparent_background_plug_and_bim"},{"@type":"BreadcrumbList","@id":"https:\/\/plugandbim.com\/es\/#breadcrumb","itemListElement":[{"@type":"ListItem","position":1,"name":"Home","item":"https:\/\/plugandbim.com\/es\/"},{"@type":"ListItem","position":2,"name":"Inicio"}]},{"@type":"WebSite","@id":"https:\/\/plugandbim.com\/#website","url":"https:\/\/plugandbim.com\/","name":"Plug &amp; Bim","description":"Make it Pluggable","publisher":{"@id":"https:\/\/plugandbim.com\/#organization"},"potentialAction":[{"@type":"SearchAction","target":{"@type":"EntryPoint","urlTemplate":"https:\/\/plugandbim.com\/?s={search_term_string}"},"query-input":{"@type":"PropertyValueSpecification","valueRequired":true,"valueName":"search_term_string"}}],"inLanguage":"es"},{"@type":"Organization","@id":"https:\/\/plugandbim.com\/#organization","name":"Plug & Bim","url":"https:\/\/plugandbim.com\/","logo":{"@type":"ImageObject","inLanguage":"es","@id":"https:\/\/plugandbim.com\/#\/schema\/logo\/image\/","url":"https:\/\/plugandbim.com\/wp-content\/uploads\/2023\/05\/black_logo_transparent_background-1.png","contentUrl":"https:\/\/plugandbim.com\/wp-content\/uploads\/2023\/05\/black_logo_transparent_background-1.png","width":500,"height":300,"caption":"Plug & Bim"},"image":{"@id":"https:\/\/plugandbim.com\/#\/schema\/logo\/image\/"}}]}},"_links":{"self":[{"href":"https:\/\/plugandbim.com\/es\/wp-json\/wp\/v2\/pages\/3974","targetHints":{"allow":["GET"]}}],"collection":[{"href":"https:\/\/plugandbim.com\/es\/wp-json\/wp\/v2\/pages"}],"about":[{"href":"https:\/\/plugandbim.com\/es\/wp-json\/wp\/v2\/types\/page"}],"author":[{"embeddable":true,"href":"https:\/\/plugandbim.com\/es\/wp-json\/wp\/v2\/users\/2"}],"replies":[{"embeddable":true,"href":"https:\/\/plugandbim.com\/es\/wp-json\/wp\/v2\/comments?post=3974"}],"version-history":[{"count":25,"href":"https:\/\/plugandbim.com\/es\/wp-json\/wp\/v2\/pages\/3974\/revisions"}],"predecessor-version":[{"id":5171,"href":"https:\/\/plugandbim.com\/es\/wp-json\/wp\/v2\/pages\/3974\/revisions\/5171"}],"wp:featuredmedia":[{"embeddable":true,"href":"https:\/\/plugandbim.com\/es\/wp-json\/wp\/v2\/media\/2674"}],"wp:attachment":[{"href":"https:\/\/plugandbim.com\/es\/wp-json\/wp\/v2\/media?parent=3974"}],"curies":[{"name":"wp","href":"https:\/\/api.w.org\/{rel}","templated":true}]}}