{"id":3982,"date":"2023-06-19T18:12:38","date_gmt":"2023-06-19T18:12:38","guid":{"rendered":"https:\/\/plugandbim.com\/projects\/"},"modified":"2025-09-05T19:12:28","modified_gmt":"2025-09-05T19:12:28","slug":"proyectos","status":"publish","type":"page","link":"https:\/\/plugandbim.com\/es\/proyectos\/","title":{"rendered":"Proyectos"},"content":{"rendered":"\r\n<h2>Projects<\/h2>\r\n<p>Mauris varius, ex interdum tristique elementum, nisi massa sollicitudin nisl, in dignissim neque mauris vitae arcu. Morbi orci ex, imperdiet sed nunc nec, pulvinar commodo purus.<\/p>\r\n<h4>Our Partners and Brands<\/h4>\r\n","protected":false},"excerpt":{"rendered":"<p>Projects Mauris varius, ex interdum tristique elementum, nisi massa sollicitudin nisl, in dignissim neque mauris vitae arcu. Morbi orci ex, imperdiet sed nunc nec, pulvinar commodo purus. Our Partners and Brands<\/p>\n","protected":false},"author":2,"featured_media":0,"parent":0,"menu_order":0,"comment_status":"closed","ping_status":"closed","template":"tpl-project-template.php","meta":{"_acf_changed":false,"footnotes":""},"class_list":["post-3982","page","type-page","status-publish","hentry"],"acf":[],"yoast_head":"<!-- This site is optimized with the Yoast SEO plugin v27.4 - https:\/\/yoast.com\/product\/yoast-seo-wordpress\/ -->\n<title>Proyectos - Plug &amp; Bim<\/title>\n<meta name=\"description\" content=\"Explora nuestra diversa gama de proyectos exitosos que demuestran nuestra dedicaci\u00f3n a la innovaci\u00f3n, la colaboraci\u00f3n y la satisfacci\u00f3n del cliente.\" \/>\n<meta name=\"robots\" content=\"index, follow, max-snippet:-1, max-image-preview:large, max-video-preview:-1\" \/>\n<link rel=\"canonical\" href=\"https:\/\/plugandbim.com\/es\/proyectos\/\" \/>\n<meta property=\"og:locale\" content=\"es_ES\" \/>\n<meta property=\"og:type\" content=\"article\" \/>\n<meta property=\"og:title\" content=\"Proyectos - Plug &amp; Bim\" \/>\n<meta property=\"og:description\" content=\"Explora nuestra diversa gama de proyectos exitosos que demuestran nuestra dedicaci\u00f3n a la innovaci\u00f3n, la colaboraci\u00f3n y la satisfacci\u00f3n del cliente.\" \/>\n<meta property=\"og:url\" content=\"https:\/\/plugandbim.com\/es\/proyectos\/\" \/>\n<meta property=\"og:site_name\" content=\"Plug &amp; Bim\" \/>\n<meta property=\"article:modified_time\" content=\"2025-09-05T19:12:28+00:00\" \/>\n<meta property=\"og:image\" content=\"https:\/\/plugandbim.com\/wp-content\/uploads\/2023\/05\/black_logo_transparent_background-1.png\" \/>\n\t<meta property=\"og:image:width\" content=\"500\" \/>\n\t<meta property=\"og:image:height\" content=\"300\" \/>\n\t<meta property=\"og:image:type\" content=\"image\/png\" \/>\n<meta name=\"twitter:card\" content=\"summary_large_image\" \/>\n<meta name=\"twitter:label1\" content=\"Tiempo de lectura\" \/>\n\t<meta name=\"twitter:data1\" content=\"2 minutos\" \/>\n<script type=\"application\/ld+json\" class=\"yoast-schema-graph\">{\"@context\":\"https:\\\/\\\/schema.org\",\"@graph\":[{\"@type\":\"WebPage\",\"@id\":\"https:\\\/\\\/plugandbim.com\\\/es\\\/proyectos\\\/\",\"url\":\"https:\\\/\\\/plugandbim.com\\\/es\\\/proyectos\\\/\",\"name\":\"Proyectos - Plug &amp; Bim\",\"isPartOf\":{\"@id\":\"https:\\\/\\\/plugandbim.com\\\/#website\"},\"datePublished\":\"2023-06-19T18:12:38+00:00\",\"dateModified\":\"2025-09-05T19:12:28+00:00\",\"description\":\"Explora nuestra diversa gama de proyectos exitosos que demuestran nuestra dedicaci\u00f3n a la innovaci\u00f3n, la colaboraci\u00f3n y la satisfacci\u00f3n del cliente.\",\"breadcrumb\":{\"@id\":\"https:\\\/\\\/plugandbim.com\\\/es\\\/proyectos\\\/#breadcrumb\"},\"inLanguage\":\"es\",\"potentialAction\":[{\"@type\":\"ReadAction\",\"target\":[\"https:\\\/\\\/plugandbim.com\\\/es\\\/proyectos\\\/\"]}]},{\"@type\":\"BreadcrumbList\",\"@id\":\"https:\\\/\\\/plugandbim.com\\\/es\\\/proyectos\\\/#breadcrumb\",\"itemListElement\":[{\"@type\":\"ListItem\",\"position\":1,\"name\":\"Home\",\"item\":\"https:\\\/\\\/plugandbim.com\\\/es\\\/\"},{\"@type\":\"ListItem\",\"position\":2,\"name\":\"Proyectos\"}]},{\"@type\":\"WebSite\",\"@id\":\"https:\\\/\\\/plugandbim.com\\\/#website\",\"url\":\"https:\\\/\\\/plugandbim.com\\\/\",\"name\":\"Plug &amp; Bim\",\"description\":\"Make it Pluggable\",\"publisher\":{\"@id\":\"https:\\\/\\\/plugandbim.com\\\/#organization\"},\"potentialAction\":[{\"@type\":\"SearchAction\",\"target\":{\"@type\":\"EntryPoint\",\"urlTemplate\":\"https:\\\/\\\/plugandbim.com\\\/?s={search_term_string}\"},\"query-input\":{\"@type\":\"PropertyValueSpecification\",\"valueRequired\":true,\"valueName\":\"search_term_string\"}}],\"inLanguage\":\"es\"},{\"@type\":\"Organization\",\"@id\":\"https:\\\/\\\/plugandbim.com\\\/#organization\",\"name\":\"Plug & Bim\",\"url\":\"https:\\\/\\\/plugandbim.com\\\/\",\"logo\":{\"@type\":\"ImageObject\",\"inLanguage\":\"es\",\"@id\":\"https:\\\/\\\/plugandbim.com\\\/#\\\/schema\\\/logo\\\/image\\\/\",\"url\":\"https:\\\/\\\/plugandbim.com\\\/wp-content\\\/uploads\\\/2023\\\/05\\\/black_logo_transparent_background-1.png\",\"contentUrl\":\"https:\\\/\\\/plugandbim.com\\\/wp-content\\\/uploads\\\/2023\\\/05\\\/black_logo_transparent_background-1.png\",\"width\":500,\"height\":300,\"caption\":\"Plug & Bim\"},\"image\":{\"@id\":\"https:\\\/\\\/plugandbim.com\\\/#\\\/schema\\\/logo\\\/image\\\/\"}}]}<\/script>\n<!-- \/ Yoast SEO plugin. -->","yoast_head_json":{"title":"Proyectos - Plug &amp; Bim","description":"Explora nuestra diversa gama de proyectos exitosos que demuestran nuestra dedicaci\u00f3n a la innovaci\u00f3n, la colaboraci\u00f3n y la satisfacci\u00f3n del cliente.","robots":{"index":"index","follow":"follow","max-snippet":"max-snippet:-1","max-image-preview":"max-image-preview:large","max-video-preview":"max-video-preview:-1"},"canonical":"https:\/\/plugandbim.com\/es\/proyectos\/","og_locale":"es_ES","og_type":"article","og_title":"Proyectos - Plug &amp; Bim","og_description":"Explora nuestra diversa gama de proyectos exitosos que demuestran nuestra dedicaci\u00f3n a la innovaci\u00f3n, la colaboraci\u00f3n y la satisfacci\u00f3n del cliente.","og_url":"https:\/\/plugandbim.com\/es\/proyectos\/","og_site_name":"Plug &amp; Bim","article_modified_time":"2025-09-05T19:12:28+00:00","og_image":[{"width":500,"height":300,"url":"https:\/\/plugandbim.com\/wp-content\/uploads\/2023\/05\/black_logo_transparent_background-1.png","type":"image\/png"}],"twitter_card":"summary_large_image","twitter_misc":{"Tiempo de lectura":"2 minutos"},"schema":{"@context":"https:\/\/schema.org","@graph":[{"@type":"WebPage","@id":"https:\/\/plugandbim.com\/es\/proyectos\/","url":"https:\/\/plugandbim.com\/es\/proyectos\/","name":"Proyectos - Plug &amp; Bim","isPartOf":{"@id":"https:\/\/plugandbim.com\/#website"},"datePublished":"2023-06-19T18:12:38+00:00","dateModified":"2025-09-05T19:12:28+00:00","description":"Explora nuestra diversa gama de proyectos exitosos que demuestran nuestra dedicaci\u00f3n a la innovaci\u00f3n, la colaboraci\u00f3n y la satisfacci\u00f3n del cliente.","breadcrumb":{"@id":"https:\/\/plugandbim.com\/es\/proyectos\/#breadcrumb"},"inLanguage":"es","potentialAction":[{"@type":"ReadAction","target":["https:\/\/plugandbim.com\/es\/proyectos\/"]}]},{"@type":"BreadcrumbList","@id":"https:\/\/plugandbim.com\/es\/proyectos\/#breadcrumb","itemListElement":[{"@type":"ListItem","position":1,"name":"Home","item":"https:\/\/plugandbim.com\/es\/"},{"@type":"ListItem","position":2,"name":"Proyectos"}]},{"@type":"WebSite","@id":"https:\/\/plugandbim.com\/#website","url":"https:\/\/plugandbim.com\/","name":"Plug &amp; Bim","description":"Make it Pluggable","publisher":{"@id":"https:\/\/plugandbim.com\/#organization"},"potentialAction":[{"@type":"SearchAction","target":{"@type":"EntryPoint","urlTemplate":"https:\/\/plugandbim.com\/?s={search_term_string}"},"query-input":{"@type":"PropertyValueSpecification","valueRequired":true,"valueName":"search_term_string"}}],"inLanguage":"es"},{"@type":"Organization","@id":"https:\/\/plugandbim.com\/#organization","name":"Plug & Bim","url":"https:\/\/plugandbim.com\/","logo":{"@type":"ImageObject","inLanguage":"es","@id":"https:\/\/plugandbim.com\/#\/schema\/logo\/image\/","url":"https:\/\/plugandbim.com\/wp-content\/uploads\/2023\/05\/black_logo_transparent_background-1.png","contentUrl":"https:\/\/plugandbim.com\/wp-content\/uploads\/2023\/05\/black_logo_transparent_background-1.png","width":500,"height":300,"caption":"Plug & Bim"},"image":{"@id":"https:\/\/plugandbim.com\/#\/schema\/logo\/image\/"}}]}},"_links":{"self":[{"href":"https:\/\/plugandbim.com\/es\/wp-json\/wp\/v2\/pages\/3982","targetHints":{"allow":["GET"]}}],"collection":[{"href":"https:\/\/plugandbim.com\/es\/wp-json\/wp\/v2\/pages"}],"about":[{"href":"https:\/\/plugandbim.com\/es\/wp-json\/wp\/v2\/types\/page"}],"author":[{"embeddable":true,"href":"https:\/\/plugandbim.com\/es\/wp-json\/wp\/v2\/users\/2"}],"replies":[{"embeddable":true,"href":"https:\/\/plugandbim.com\/es\/wp-json\/wp\/v2\/comments?post=3982"}],"version-history":[{"count":1,"href":"https:\/\/plugandbim.com\/es\/wp-json\/wp\/v2\/pages\/3982\/revisions"}],"predecessor-version":[{"id":3984,"href":"https:\/\/plugandbim.com\/es\/wp-json\/wp\/v2\/pages\/3982\/revisions\/3984"}],"wp:attachment":[{"href":"https:\/\/plugandbim.com\/es\/wp-json\/wp\/v2\/media?parent=3982"}],"curies":[{"name":"wp","href":"https:\/\/api.w.org\/{rel}","templated":true}]}}