{"id":3988,"date":"2023-06-09T12:10:51","date_gmt":"2023-06-09T12:10:51","guid":{"rendered":"https:\/\/plugandbim.com\/services\/"},"modified":"2026-04-07T16:49:40","modified_gmt":"2026-04-07T16:49:40","slug":"servicios","status":"publish","type":"page","link":"https:\/\/plugandbim.com\/es\/servicios\/","title":{"rendered":"Servicios"},"content":{"rendered":"\n<h2>\n\t\t\tServicios\t<\/h2>\n\t<p>En Plug &#038; BIM, ofrecemos m\u00e1s que modelos. Entregamos sistemas de ingenier\u00eda listos para la producci\u00f3n, la log\u00edstica y la ejecuci\u00f3n.<\/p>\n<p>Nuestros servicios se estructuran en torno a BIM 3D, 4D y 5D, lo que garantiza que las decisiones de dise\u00f1o se traduzcan directamente en resultados de construcci\u00f3n eficientes. Al combinar BIM 3D, 4D y 5D, ayudamos a nuestros clientes a reducir riesgos, ahorrar tiempo y mantener el control sobre el dise\u00f1o, la ejecuci\u00f3n y los costos, especialmente en proyectos prefabricados, modulares y de gran escala.<\/p>\n<p>Ya sea que apoyemos un solo proyecto o una l\u00ednea de producci\u00f3n completa, nuestro enfoque proporciona una fuente de informaci\u00f3n fiable e integrada, conectando el dise\u00f1o, la planificaci\u00f3n, la log\u00edstica y el control de costos desde el primer d\u00eda. Nos aseguramos de que todo sea perfecto. Con nuestro concepto Plug &#038; BIM, ofrecemos soporte completo de principio a fin. \u00a1Qu\u00e9 pr\u00e1ctico!<\/p>\n<h2>\n\t\t\tUN MODELO &#8211; M\u00daLTIPLES SALIDAS &#8211; CONTROL TOTAL\t<\/h2>\n\t<p>Cada proyecto se entrega como un <strong>modelo BIM LOD400\/500,<\/strong> que se utiliza en todo el flujo de trabajo:<\/p>\n\t<p><strong> C\u00e1lculo: <\/strong>mediciones de cantidades automatizadas; exportaci\u00f3n a Excel para estimadores; an\u00e1lisis a nivel de componentes; entrada directa para la fijaci\u00f3n de precios (del modelo al coste en un solo paso).<\/p>\n<p><strong>Producci\u00f3n y prefabricaci\u00f3n: <\/strong> sistemas el\u00e9ctricos totalmente definidos; optimizados para la construcci\u00f3n modular; aptos para instalaciones plug &amp; play y tradicionales.<\/p>\n<p><strong>Instalaci\u00f3n:<\/strong> trazado y posicionamiento claros; tiempo de instalaci\u00f3n reducido; m\u00ednima interpretaci\u00f3n necesaria en obra.<\/p>\n<p><strong>Preparaci\u00f3n del trabajo: <\/strong>reducimos significativamente la carga de trabajo de la preparaci\u00f3n del trabajo: listas de materiales automatizadas; l\u00f3gica de instalaci\u00f3n clara; entrada directa de datos de compras. Menos trabajo; menos errores; ejecuci\u00f3n m\u00e1s r\u00e1pida.<\/p>\n<h2>\n\t\t\t3 servicios\t<\/h2>\n\t\t\t\t\t\t\t\t\t\t\t\t<p>Consultoria<\/p>\n\t\t\t\t\t\t<p>Estrategia y Direccion<\/p>\n\t\t\t<!-- END .front -->\n\t\t\t\t\t\t<p>En Plug and BIM creemos que un buen comienzo es la mitad del camino ganado. Por eso nos complace compartir nuestros conocimientos y experiencia con usted. Ya sea que trabaje en una obra nueva, una renovaci\u00f3n o una reforma, colaboramos para configurar su instalaci\u00f3n de la forma m\u00e1s inteligente y eficiente posible.<\/p>\t\t\t\t\t\n\t\t\t<!-- END .back -->\n\t\t <!-- ifb-flip-box -->\n\t <!-- flip-box -->\n\t\t\t\t\t\t\t\t\t\t\t\t<p>Ingenieria BIM<br \/> (3D, 4D &amp; 5D)<\/p>\n\t\t\t\t\t\t<p>Valor t\u00e9cnico fundamental<\/p>\t\t\t\t\t\n\t\t\t<!-- END .front -->\n\t\t\t\t\t\t<p>Dise\u00f1amos y coordinamos instalaciones el\u00e9ctricas completas en un entorno digital totalmente integrado. Visualizamos el sistema el\u00e9ctrico completo en 3D, lo alineamos con la planificaci\u00f3n y la log\u00edstica mediante 4D, y facilitamos la gesti\u00f3n de costes y el control de cambios mediante 5D. Este enfoque integrado garantiza una coordinaci\u00f3n eficiente, una ejecuci\u00f3n predecible y un control total durante todo el ciclo de vida del proyecto.<\/p>\t\t\t\t\t\n\t\t\t<!-- END .back -->\n\t\t <!-- ifb-flip-box -->\n\t <!-- flip-box -->\n\t\t\t\t\t\t\t\t\t\t\t\t<p>Modelado de productos<br \/>en 3D<\/p>\n\t\t\t\t\t\t<p>El sistema y sus componentes<\/p>\n\t\t\t<!-- END .front -->\n\t\t\t\t\t\t<p>Al mostrar los productos virtualmente, podemos visualizarlos, analizarlos e integrarlos mejor en el dise\u00f1o del sistema el\u00e9ctrico. Esto facilita la selecci\u00f3n de los productos adecuados, su correcta colocaci\u00f3n y la coordinaci\u00f3n de todos los elementos en un sistema que funcione a la perfecci\u00f3n.<\/p>\t\t\t\t\t\n\t\t\t<!-- END .back -->\n\t\t <!-- ifb-flip-box -->\n\t <!-- flip-box -->\n\t<p>Plug &#038; BIM ofrece el servicio BIM completo para sistemas el\u00e9ctricos desde el dise\u00f1o hasta la ejecuci\u00f3n y la transparencia de costes.<\/p>\n\t\t\t\t\t\t\t\t\t\t\t\t<p>3D BIM<\/p>\n\t\t\t\t\t\t<p>Dise\u00f1o y Coordinaci\u00f3n<\/p>\t\t\t\t\t\n\t\t\t<!-- END .front -->\n\t\t\t\t\t\t<p>Visualizamos con precisi\u00f3n la colocaci\u00f3n de los componentes el\u00e9ctricos en el edificio, desde el dise\u00f1o y el cableado hasta las conexiones.<strong>Incluye:<\/strong><br \/>&#8211; Modelo BIM 3D (arquitectura\/estructura\/instalaciones)<br \/>&#8211; Detecci\u00f3n de conflictos<br \/>&#8211; Modelado prefabricado<br \/>&#8211; Coordinaci\u00f3n dimensional y t\u00e9cnica<br \/>&#8211; Exportaciones para la ejecuci\u00f3n y los proveedores<\/p>\t\t\t\t\t\n\t\t\t<!-- END .back -->\n\t\t <!-- ifb-flip-box -->\n\t <!-- flip-box -->\n\t\t\t\t\t\t\t\t\t\t\t\t<p>4D BIM<\/p>\n\t\t\t\t\t\t<p>Fases y Log\u00edstica<\/p>\t\t\t\t\t\n\t\t\t<!-- END .front -->\n\t\t\t\t\t\t<p>Proporcionamos informaci\u00f3n para la planificaci\u00f3n, log\u00edstica y secuencias de montaje, garantizando que las instalaciones se ajusten a las fases de producci\u00f3n y construcci\u00f3n.<strong>Incluye:<\/strong><br \/>&#8211; Divisi\u00f3n del modelo 3D en fases de construcci\u00f3n y entrega<br \/>&#8211; Enlace a la planificaci\u00f3n global o detallada<br \/>&#8211; Desglose log\u00edstico por fase (m\u00f3dulos prefabricados, instalaciones)<br \/>&#8211; Informaci\u00f3n sobre el montaje<\/p>\t\t\t\t\t\n\t\t\t<!-- END .back -->\n\t\t <!-- ifb-flip-box -->\n\t <!-- flip-box -->\n\t\t\t\t\t\t\t\t\t\t\t\t<p>5D BIM<\/p>\n\t\t\t\t\t\t<p>Gesti\u00f3n de costos y Control de cambios<\/p>\n\t\t\t<!-- END .front -->\n\t\t\t\t\t\t<p>Facilitamos la gesti\u00f3n de costes y el control de cambios vinculando el modelo con cantidades, materiales y presupuestos.<strong>Incluye:<\/strong><br \/>&#8211; Vinculaci\u00f3n de objetos BIM con precios unitarios y partidas de coste<br \/>&#8211; Resumen de costes por fase, disciplina y componente<br \/>&#8211; Rec\u00e1lculo autom\u00e1tico de cambios de dise\u00f1o<br \/>&#8211; Supervisi\u00f3n de presupuestos y an\u00e1lisis de escenarios<\/p>\t\t\t\t\t\n\t\t\t<!-- END .back -->\n\t\t <!-- ifb-flip-box -->\n\t <!-- flip-box -->\n\t<p>\u00bfC\u00f3mo podemos empezar a trabajar juntos?<\/p>\n\t\t\t\t\t\t\t\t\t\t\t\t<p>1<\/p>\n\t\t\t\t\t\t<p>Reuni\u00f3n exploratoria<\/p>\t\t\t\t\t\n\t\t\t<!-- END .front -->\n\t\t\t\t\t\t<p>Nos gusta comenzar con una sesi\u00f3n espec\u00edfica para comprender sus necesidades, desaf\u00edos y objetivos del proyecto. Al mismo tiempo, le mostramos c\u00f3mo trabajamos, qu\u00e9 es posible y qu\u00e9 puede esperar, utilizando ejemplos reales de proyectos anteriores.<\/p>\n\t\t\t<!-- END .back -->\n\t\t <!-- ifb-flip-box -->\n\t <!-- flip-box -->\n\t\t\t\t\t\t\t\t\t\t\t\t<p>2<\/p>\n\t\t\t\t\t\t<p>Proyecto piloto remunerado<br \/>(Recomendado)<\/p>\t\t\t\t\t\n\t\t\t<!-- END .front -->\n\t\t\t\t\t\t<p>Antes de comprometerse a largo plazo, sugerimos un peque\u00f1o proyecto piloto. Esto permite a ambas partes probar la colaboraci\u00f3n, la comunicaci\u00f3n, el intercambio de archivos y la alineaci\u00f3n t\u00e9cnica en un entorno de proyecto real.<\/p>\t\t\t\t\t\n\t\t\t<!-- END .back -->\n\t\t <!-- ifb-flip-box -->\n\t <!-- flip-box -->\n\t\t\t\t\t\t\t\t\t\t\t\t<p>3<\/p>\n\t\t\t\t\t\t<p>Evaluaci\u00f3n y Alineaci\u00f3n<\/p>\t\t\t\t\t\n\t\t\t<!-- END .front -->\n\t\t\t\t\t\t<p>Una vez entregada la primera versi\u00f3n del programa piloto, nos reunimos para evaluar la colaboraci\u00f3n. Analizamos qu\u00e9 funcion\u00f3, qu\u00e9 se puede mejorar y definimos los pasos a seguir.<\/p>\t\t\t\t\t\n\t\t\t<!-- END .back -->\n\t\t <!-- ifb-flip-box -->\n\t <!-- flip-box -->\n\t\t\t\t\t\t\t\t\t\t\t\t<p>4<\/p>\n\t\t\t\t\t\t<p>Escala con el plan adecuado<\/p>\t\t\t\t\t\n\t\t\t<!-- END .front -->\n\t\t\t\t\t\t<p>Si est\u00e1 satisfecho, puede elegir el plan de ingenier\u00eda que mejor se adapte a sus necesidades. Siempre puede aumentar o disminuir la capacidad seg\u00fan la demanda o la complejidad del proyecto.<\/p>\n\t\t\t<!-- END .back -->\n\t\t <!-- ifb-flip-box -->\n\t <!-- flip-box -->\n<h2>\n\t\t\t\u00a1Descubre c\u00f3mo Plug &#038; BIM puede integrarse con su flujo de trabajo!\t<\/h2>\n\t<p>Ahora que ya sabes c\u00f3mo trabajar con nosotros, \u00a1es hora de actuar! Descarga nuestros planos de ingenier\u00eda para conocer todas las soluciones que tenemos para ti, seg\u00fan los requisitos de tu proyecto. Agenda tu reuni\u00f3n exploratoria hoy mismo y experimenta el poder de BIM con tu primer proyecto piloto. \u00a1Te respaldamos!<\/p>\n\t\t\t<a href=\"https:\/\/plugandbim.com\/wp-content\/uploads\/2026\/03\/Engineering-plans-PB.pdf\" download target=\"_self\">\n\t\t\t\t\t\t\tDESCARGA NUESTROS PLANES DE INGENIERIA\n\t\t\t\t\t<\/a>\n\t\t\t<a href=\"https:\/\/wa.me\/59996995382?text=Hello%20I%20would%20like%20to%20schedule%20a%20discovery%20call%20with%20Plug%20and%20BIM\" target=\"_blank\" rel=\"noopener\">\n\t\t\t\t\t\t\tPROGRAMA TU LLAMADA\n\t\t\t\t\t<\/a>\n\t\t\t<a href=\"https:\/\/plugandbim.com\/contact\/\" target=\"_self\">\n\t\t\t\t\t\t\tCONTACTANOS PARA MAS INFORMACION\n\t\t\t\t\t<\/a>\n\n","protected":false},"excerpt":{"rendered":"<p>Servicios En Plug &#038; BIM, ofrecemos m\u00e1s que modelos. Entregamos sistemas de ingenier\u00eda listos para la producci\u00f3n, la log\u00edstica y la ejecuci\u00f3n. Nuestros servicios se estructuran en torno a BIM 3D, 4D y 5D, lo que garantiza que las decisiones de dise\u00f1o se traduzcan directamente en resultados de construcci\u00f3n eficientes. Al combinar BIM 3D, 4D&hellip;<\/p>\n","protected":false},"author":2,"featured_media":0,"parent":0,"menu_order":0,"comment_status":"closed","ping_status":"closed","template":"","meta":{"_acf_changed":false,"footnotes":""},"class_list":["post-3988","page","type-page","status-publish","hentry"],"acf":[],"yoast_head":"<!-- This site is optimized with the Yoast SEO plugin v27.4 - https:\/\/yoast.com\/product\/yoast-seo-wordpress\/ -->\n<title>Servicios - Plug &amp; Bim<\/title>\n<meta name=\"description\" content=\"Dise\u00f1amos sistemas el\u00e9ctricos m\u00e1s inteligentes con soluciones conectables 3D en REVIT, ahorr\u00e1ndole tiempo y costos en cada proyecto.\" \/>\n<meta name=\"robots\" content=\"index, follow, max-snippet:-1, max-image-preview:large, max-video-preview:-1\" \/>\n<link rel=\"canonical\" href=\"https:\/\/plugandbim.com\/es\/servicios\/\" \/>\n<meta property=\"og:locale\" content=\"es_ES\" \/>\n<meta property=\"og:type\" content=\"article\" \/>\n<meta property=\"og:title\" content=\"Servicios - Plug &amp; Bim\" \/>\n<meta property=\"og:description\" content=\"Dise\u00f1amos sistemas el\u00e9ctricos m\u00e1s inteligentes con soluciones conectables 3D en REVIT, ahorr\u00e1ndole tiempo y costos en cada proyecto.\" \/>\n<meta property=\"og:url\" content=\"https:\/\/plugandbim.com\/es\/servicios\/\" \/>\n<meta property=\"og:site_name\" content=\"Plug &amp; Bim\" \/>\n<meta property=\"article:modified_time\" content=\"2026-04-07T16:49:40+00:00\" \/>\n<meta property=\"og:image\" content=\"https:\/\/plugandbim.com\/wp-content\/uploads\/2023\/05\/black_logo_transparent_background-1.png\" \/>\n\t<meta property=\"og:image:width\" content=\"500\" \/>\n\t<meta property=\"og:image:height\" content=\"300\" \/>\n\t<meta property=\"og:image:type\" content=\"image\/png\" \/>\n<meta name=\"twitter:card\" content=\"summary_large_image\" \/>\n<meta name=\"twitter:label1\" content=\"Tiempo de lectura\" \/>\n\t<meta name=\"twitter:data1\" content=\"12 minutos\" \/>\n<script type=\"application\/ld+json\" class=\"yoast-schema-graph\">{\"@context\":\"https:\\\/\\\/schema.org\",\"@graph\":[{\"@type\":\"WebPage\",\"@id\":\"https:\\\/\\\/plugandbim.com\\\/es\\\/servicios\\\/\",\"url\":\"https:\\\/\\\/plugandbim.com\\\/es\\\/servicios\\\/\",\"name\":\"Servicios - Plug &amp; Bim\",\"isPartOf\":{\"@id\":\"https:\\\/\\\/plugandbim.com\\\/#website\"},\"datePublished\":\"2023-06-09T12:10:51+00:00\",\"dateModified\":\"2026-04-07T16:49:40+00:00\",\"description\":\"Dise\u00f1amos sistemas el\u00e9ctricos m\u00e1s inteligentes con soluciones conectables 3D en REVIT, ahorr\u00e1ndole tiempo y costos en cada proyecto.\",\"breadcrumb\":{\"@id\":\"https:\\\/\\\/plugandbim.com\\\/es\\\/servicios\\\/#breadcrumb\"},\"inLanguage\":\"es\",\"potentialAction\":[{\"@type\":\"ReadAction\",\"target\":[\"https:\\\/\\\/plugandbim.com\\\/es\\\/servicios\\\/\"]}]},{\"@type\":\"BreadcrumbList\",\"@id\":\"https:\\\/\\\/plugandbim.com\\\/es\\\/servicios\\\/#breadcrumb\",\"itemListElement\":[{\"@type\":\"ListItem\",\"position\":1,\"name\":\"Home\",\"item\":\"https:\\\/\\\/plugandbim.com\\\/es\\\/\"},{\"@type\":\"ListItem\",\"position\":2,\"name\":\"Servicios\"}]},{\"@type\":\"WebSite\",\"@id\":\"https:\\\/\\\/plugandbim.com\\\/#website\",\"url\":\"https:\\\/\\\/plugandbim.com\\\/\",\"name\":\"Plug &amp; Bim\",\"description\":\"Make it Pluggable\",\"publisher\":{\"@id\":\"https:\\\/\\\/plugandbim.com\\\/#organization\"},\"potentialAction\":[{\"@type\":\"SearchAction\",\"target\":{\"@type\":\"EntryPoint\",\"urlTemplate\":\"https:\\\/\\\/plugandbim.com\\\/?s={search_term_string}\"},\"query-input\":{\"@type\":\"PropertyValueSpecification\",\"valueRequired\":true,\"valueName\":\"search_term_string\"}}],\"inLanguage\":\"es\"},{\"@type\":\"Organization\",\"@id\":\"https:\\\/\\\/plugandbim.com\\\/#organization\",\"name\":\"Plug & Bim\",\"url\":\"https:\\\/\\\/plugandbim.com\\\/\",\"logo\":{\"@type\":\"ImageObject\",\"inLanguage\":\"es\",\"@id\":\"https:\\\/\\\/plugandbim.com\\\/#\\\/schema\\\/logo\\\/image\\\/\",\"url\":\"https:\\\/\\\/plugandbim.com\\\/wp-content\\\/uploads\\\/2023\\\/05\\\/black_logo_transparent_background-1.png\",\"contentUrl\":\"https:\\\/\\\/plugandbim.com\\\/wp-content\\\/uploads\\\/2023\\\/05\\\/black_logo_transparent_background-1.png\",\"width\":500,\"height\":300,\"caption\":\"Plug & Bim\"},\"image\":{\"@id\":\"https:\\\/\\\/plugandbim.com\\\/#\\\/schema\\\/logo\\\/image\\\/\"}}]}<\/script>\n<!-- \/ Yoast SEO plugin. -->","yoast_head_json":{"title":"Servicios - Plug &amp; Bim","description":"Dise\u00f1amos sistemas el\u00e9ctricos m\u00e1s inteligentes con soluciones conectables 3D en REVIT, ahorr\u00e1ndole tiempo y costos en cada proyecto.","robots":{"index":"index","follow":"follow","max-snippet":"max-snippet:-1","max-image-preview":"max-image-preview:large","max-video-preview":"max-video-preview:-1"},"canonical":"https:\/\/plugandbim.com\/es\/servicios\/","og_locale":"es_ES","og_type":"article","og_title":"Servicios - Plug &amp; Bim","og_description":"Dise\u00f1amos sistemas el\u00e9ctricos m\u00e1s inteligentes con soluciones conectables 3D en REVIT, ahorr\u00e1ndole tiempo y costos en cada proyecto.","og_url":"https:\/\/plugandbim.com\/es\/servicios\/","og_site_name":"Plug &amp; Bim","article_modified_time":"2026-04-07T16:49:40+00:00","og_image":[{"width":500,"height":300,"url":"https:\/\/plugandbim.com\/wp-content\/uploads\/2023\/05\/black_logo_transparent_background-1.png","type":"image\/png"}],"twitter_card":"summary_large_image","twitter_misc":{"Tiempo de lectura":"12 minutos"},"schema":{"@context":"https:\/\/schema.org","@graph":[{"@type":"WebPage","@id":"https:\/\/plugandbim.com\/es\/servicios\/","url":"https:\/\/plugandbim.com\/es\/servicios\/","name":"Servicios - Plug &amp; Bim","isPartOf":{"@id":"https:\/\/plugandbim.com\/#website"},"datePublished":"2023-06-09T12:10:51+00:00","dateModified":"2026-04-07T16:49:40+00:00","description":"Dise\u00f1amos sistemas el\u00e9ctricos m\u00e1s inteligentes con soluciones conectables 3D en REVIT, ahorr\u00e1ndole tiempo y costos en cada proyecto.","breadcrumb":{"@id":"https:\/\/plugandbim.com\/es\/servicios\/#breadcrumb"},"inLanguage":"es","potentialAction":[{"@type":"ReadAction","target":["https:\/\/plugandbim.com\/es\/servicios\/"]}]},{"@type":"BreadcrumbList","@id":"https:\/\/plugandbim.com\/es\/servicios\/#breadcrumb","itemListElement":[{"@type":"ListItem","position":1,"name":"Home","item":"https:\/\/plugandbim.com\/es\/"},{"@type":"ListItem","position":2,"name":"Servicios"}]},{"@type":"WebSite","@id":"https:\/\/plugandbim.com\/#website","url":"https:\/\/plugandbim.com\/","name":"Plug &amp; Bim","description":"Make it Pluggable","publisher":{"@id":"https:\/\/plugandbim.com\/#organization"},"potentialAction":[{"@type":"SearchAction","target":{"@type":"EntryPoint","urlTemplate":"https:\/\/plugandbim.com\/?s={search_term_string}"},"query-input":{"@type":"PropertyValueSpecification","valueRequired":true,"valueName":"search_term_string"}}],"inLanguage":"es"},{"@type":"Organization","@id":"https:\/\/plugandbim.com\/#organization","name":"Plug & Bim","url":"https:\/\/plugandbim.com\/","logo":{"@type":"ImageObject","inLanguage":"es","@id":"https:\/\/plugandbim.com\/#\/schema\/logo\/image\/","url":"https:\/\/plugandbim.com\/wp-content\/uploads\/2023\/05\/black_logo_transparent_background-1.png","contentUrl":"https:\/\/plugandbim.com\/wp-content\/uploads\/2023\/05\/black_logo_transparent_background-1.png","width":500,"height":300,"caption":"Plug & Bim"},"image":{"@id":"https:\/\/plugandbim.com\/#\/schema\/logo\/image\/"}}]}},"_links":{"self":[{"href":"https:\/\/plugandbim.com\/es\/wp-json\/wp\/v2\/pages\/3988","targetHints":{"allow":["GET"]}}],"collection":[{"href":"https:\/\/plugandbim.com\/es\/wp-json\/wp\/v2\/pages"}],"about":[{"href":"https:\/\/plugandbim.com\/es\/wp-json\/wp\/v2\/types\/page"}],"author":[{"embeddable":true,"href":"https:\/\/plugandbim.com\/es\/wp-json\/wp\/v2\/users\/2"}],"replies":[{"embeddable":true,"href":"https:\/\/plugandbim.com\/es\/wp-json\/wp\/v2\/comments?post=3988"}],"version-history":[{"count":23,"href":"https:\/\/plugandbim.com\/es\/wp-json\/wp\/v2\/pages\/3988\/revisions"}],"predecessor-version":[{"id":5131,"href":"https:\/\/plugandbim.com\/es\/wp-json\/wp\/v2\/pages\/3988\/revisions\/5131"}],"wp:attachment":[{"href":"https:\/\/plugandbim.com\/es\/wp-json\/wp\/v2\/media?parent=3988"}],"curies":[{"name":"wp","href":"https:\/\/api.w.org\/{rel}","templated":true}]}}