{"id":3986,"date":"2023-06-09T12:10:51","date_gmt":"2023-06-09T12:10:51","guid":{"rendered":"https:\/\/plugandbim.com\/services\/"},"modified":"2026-04-07T16:48:05","modified_gmt":"2026-04-07T16:48:05","slug":"diensten","status":"publish","type":"page","link":"https:\/\/plugandbim.com\/nl\/diensten\/","title":{"rendered":"Diensten"},"content":{"rendered":"\n<h2>\n\t\t\tDiensten\t<\/h2>\n\t<p>Bij Plug &#038; BIM leveren we meer dan alleen modellen. We leveren complete systemen die klaar zijn voor productie, logistiek en uitvoering.<\/p>\n<p>Onze diensten zijn gebaseerd op 3D, 4D en 5D BIM, waardoor ontwerpbeslissingen direct leiden tot effici\u00ebnte bouwresultaten. Door 3D, 4D en 5D BIM te combineren, helpen we klanten risico&#8217;s te verminderen, tijd te besparen en de controle te behouden over ontwerp, uitvoering en kosten, met name bij prefab, modulaire en grootschalige projecten.<\/p>\n<p>Of het nu gaat om een \u200b\u200benkel project of een complete productielijn, onze aanpak biedt \u00e9\u00e9n ge\u00efntegreerde bron van informatie, die ontwerp, planning, logistiek en kostenbeheersing vanaf dag \u00e9\u00e9n met elkaar verbindt. Wij zorgen ervoor dat alles klopt. Met ons Plug &#038; BIM concept bieden we volledige ondersteuning van begin tot eind. Hoe handig!<\/p>\n<h2>\n\t\t\t\u00c9\u00c9N MODEL &#8211; MEERDERE UITGANGEN &#8211; TOTALE CONTROLE\t<\/h2>\n\t<p>Elk project wordt opgeleverd als een<strong> LOD400\/500 BIM-model,<\/strong> dat in de gehele workflow wordt gebruikt:<\/p>\n\t<p><strong> Berekening: <\/strong>geautomatiseerde hoeveelheidsbepalingen; Excel-export voor calculatoren; inzichten op componentniveau; directe invoer voor prijsbepaling (van model naar kosten in \u00e9\u00e9n stap).<\/p>\n<p><strong>Productie en prefabricage: <\/strong>volledig gedefinieerde elektrische systemen; geoptimaliseerd voor modulaire constructie; geschikt voor plug &amp; play en traditionele installaties.<\/p>\n<p><strong>Installatie: <\/strong>duidelijke routing en positionering; kortere installatietijd; minimale interpretatie ter plaatse vereist.<\/p>\n<p><strong>Werkvoorbereiding: <\/strong> we verminderen de werkdruk van de werkvoorbereiding aanzienlijk: geautomatiseerde materiaallijsten; duidelijke installatielogica; directe input voor de inkoop. Minder werk; minder fouten; snellere uitvoering.<\/p>\n<h2>\n\t\t\tOnze 3 diensten\t<\/h2>\n\t\t\t\t\t\t\t\t\t\t\t\t<p>Advies<\/p>\n\t\t\t\t\t\t<p>Strategie &amp; Richting<\/p>\t\t\t\t\t\n\t\t\t<!-- END .front -->\n\t\t\t\t\t\t<p>Bij Plug and BIM geloven we dat een goed begin het halve werk is. Daarom delen we graag onze kennis en praktijkervaring met jou. Of je nu bezig bent met nieuwbouw, renovatie of herinrichting. Wij denken actief met je mee om je installatie zo slim en effici\u00ebnt mogelijk op te zetten.<\/p>\t\t\t\t\t\n\t\t\t<!-- END .back -->\n\t\t <!-- ifb-flip-box -->\n\t <!-- flip-box -->\n\t\t\t\t\t\t\t\t\t\t\t\t<p>BIM Engineering<br \/>(3D, 4D &amp; 5D)<\/p>\n\t\t\t\t\t\t<p>Kern technische waarde<\/p>\t\t\t\t\t\n\t\t\t<!-- END .front -->\n\t\t\t\t\t\t<p>Wij ontwerpen en co\u00f6rdineren complete, elektrische installaties in een volledig ge\u00efntegreerde digitale omgeving. We visualiseren het volledige elektrische systeem in 3D, stemmen het af op de planning en logistiek met behulp van 4D en ondersteunen kostenbeheer en wijzigingsbeheer met 5D. Dit garandeert effici\u00ebnte co\u00f6rdinatie, voorspelbare uitvoering en volledige controle gedurende de gehele projectlevenscyclus.<\/p>\t\t\t\t\t\n\t\t\t<!-- END .back -->\n\t\t <!-- ifb-flip-box -->\n\t <!-- flip-box -->\n\t\t\t\t\t\t\t\t\t\t\t\t<p>Productmodellering in 3D<\/p>\n\t\t\t\t\t\t<p>Systeem en componentdiepte<\/p>\t\t\t\t\t\n\t\t\t<!-- END .front -->\n\t\t\t\t\t\t<p>Door producten virtueel weer te geven, kunnen we ze beter visualiseren, analyseren en integreren in het ontwerp van het elektrische systeem. Dat maakt het makkelijker om de juiste producten te kiezen, goed te plaatsen en alles op elkaar af te stemmen met als resultaat een systeem dat perfect werkt.<\/p>\t\t\t\t\t\n\t\t\t<!-- END .back -->\n\t\t <!-- ifb-flip-box -->\n\t <!-- flip-box -->\n\t<p>Plug &#038; BIM levert de complete BIM-service voor elektrotechnische systemen, van ontwerp tot uitvoering en kostentransparantie.<\/p>\n\t\t\t\t\t\t\t\t\t\t\t\t<p>3D BIM<\/p>\n\t\t\t\t\t\t<p>Ontwerp en Co\u00f6rdinatie<\/p>\t\t\t\t\t\n\t\t\t<!-- END .front -->\n\t\t\t\t\t\t<p>We visualiseren precies hoe elektrische componenten in het gebouw worden geplaatst, van de lay-out en bedrading tot de aansluitingen.<strong>Inbegrepen:<\/strong><br \/>&#8211; 3D BIM-model (architectuur \/ structuur \/ installaties)<br \/>&#8211; Conflictdetectie<br \/>&#8211; Prefab-geori\u00ebnteerde modellering<br \/>&#8211; Dimensionale en technische co\u00f6rdinatie<br \/>&#8211; Exporteren voor uitvoering en leveranciers<\/p>\t\t\t\t\t\n\t\t\t<!-- END .back -->\n\t\t <!-- ifb-flip-box -->\n\t <!-- flip-box -->\n\t\t\t\t\t\t\t\t\t\t\t\t<p>4D BIM<\/p>\n\t\t\t\t\t\t<p>Fasering en Logistiek<\/p>\t\t\t\t\t\n\t\t\t<!-- END .front -->\n\t\t\t\t\t\t<p>Wij bieden inzicht in de planning, logistiek en montagevolgorde, zodat installaties aansluiten op de productie- en bouwfasen.<strong>Inbegrepen:<\/strong><br \/>&#8211; Indeling van het 3D-model in bouw- en leveringsfasen<br \/>&#8211; Koppeling met globale of gedetailleerde planning<br \/>&#8211; Logistieke uitsplitsing per fase (prefab modules, installaties)<br \/>&#8211; Inzicht in montage en uitvoering<\/p>\t\t\t\t\t\n\t\t\t<!-- END .back -->\n\t\t <!-- ifb-flip-box -->\n\t <!-- flip-box -->\n\t\t\t\t\t\t\t\t\t\t\t\t<p>5D BIM<\/p>\n\t\t\t\t\t\t<p>Kostenbeheer en wijzigingsbeheer<\/p>\t\t\t\t\t\n\t\t\t<!-- END .front -->\n\t\t\t\t\t\t<p>We ondersteunen kostenbeheer en controle door het model te koppelen aan hoeveelheden, materialen en budgetten.<strong>Inbegrepen:<\/strong><br \/>&#8211; Koppeling van BIM-objecten aan eenheidsprijzen en kostenposten<br \/>&#8211; Kostenoverzichten per fase, discipline en component<br \/>&#8211; Automatische herberekening van ontwerpwijzigingen<br \/>&#8211; Budgetbewaking en scenarioanalyse<\/p>\t\t\t\t\t\n\t\t\t<!-- END .back -->\n\t\t <!-- ifb-flip-box -->\n\t <!-- flip-box -->\n\t<p>Hoe kunnen we beginnen met samenwerken?<\/p>\n\t\t\t\t\t\t\t\t\t\t\t\t<p>1<\/p>\n\t\t\t\t\t\t<p>Verkennende bijeenkomst<\/p>\n\t\t\t<!-- END .front -->\n\t\t\t\t\t\t<p>We beginnen graag met een gerichte sessie om uw behoeften, uitdagingen en projectdoelen te begrijpen. Tegelijkertijd laten we aan de hand van concrete voorbeelden uit eerdere projecten zien hoe we werken, wat er mogelijk is en wat u kunt verwachten.<\/p>\n\t\t\t<!-- END .back -->\n\t\t <!-- ifb-flip-box -->\n\t <!-- flip-box -->\n\t\t\t\t\t\t\t\t\t\t\t\t<p>2<\/p>\n\t\t\t\t\t\tBetaald pilotproject<br \/>\n(Aanbevolen)\n\t\t\t<!-- END .front -->\n\t\t\t\t\t\t<p>Voordat we een langetermijnovereenkomst aangaan, raden we een kleinschalige pilot aan. Hiermee kunnen beide partijen de samenwerking, communicatie, bestandsuitwisseling en technische afstemming in een echte projectomgeving testen.<\/p>\n\t\t\t<!-- END .back -->\n\t\t <!-- ifb-flip-box -->\n\t <!-- flip-box -->\n\t\t\t\t\t\t\t\t\t\t\t\t<p>3<\/p>\n\t\t\t\t\t\t<p>Evaluatie en afstemming<\/p>\n\t\t\t<!-- END .front -->\n\t\t\t\t\t\t<p>Zodra de eerste versie van de pilot is opgeleverd, gaan we samen zitten om de samenwerking te evalueren. We bespreken wat goed ging, wat verbeterd kan worden en stemmen af \u200b\u200bhoe we verder gaan.<\/p>\n\t\t\t<!-- END .back -->\n\t\t <!-- ifb-flip-box -->\n\t <!-- flip-box -->\n\t\t\t\t\t\t\t\t\t\t\t\t<p>4<\/p>\n\t\t\t\t\t\t<p>Schaal op met het juiste plan<\/p>\n\t\t\t<!-- END .front -->\n\t\t\t\t\t\t<p>Als u tevreden bent, kunt u het beste engineeringplan kiezen dat aansluit bij uw behoeften. U kunt het plan altijd op- of afschalen naarmate uw vraag of de complexiteit van het project toe- of afneemt.<\/p>\n\t\t\t<!-- END .back -->\n\t\t <!-- ifb-flip-box -->\n\t <!-- flip-box -->\n<h2>\n\t\t\tOntdek hoe Plug &#038; BIM in uw workflow kan worden ge\u00efntegreerd!\t<\/h2>\n\t<p>Nu u weet hoe u met ons kunt samenwerken, is het tijd om actie te ondernemen! Download onze technische tekeningen om alle oplossingen te ontdekken die we voor u hebben, afhankelijk van de eisen van uw project. Plan vandaag nog uw kennismakingsgesprek en ervaar de kracht van BIM met uw eerste pilotproject. Wij zorgen ervoor dat alles soepel verloopt!<\/p>\n\t\t\t<a href=\"https:\/\/plugandbim.com\/wp-content\/uploads\/2026\/03\/Engineering-plans-PB.pdf\" download target=\"_self\">\n\t\t\t\t\t\t\tDOWNLOAD TECHNISCHE TEKENINGEN\n\t\t\t\t\t<\/a>\n\t\t\t<a href=\"https:\/\/wa.me\/59996995382?text=Hello%20I%20would%20like%20to%20schedule%20a%20discovery%20call%20with%20Plug%20and%20BIM\" target=\"_blank\" rel=\"noopener\">\n\t\t\t\t\t\t\tPLAN EEN KENNISMAKINGSGESPREK IN\n\t\t\t\t\t<\/a>\n\t\t\t<a href=\"https:\/\/plugandbim.com\/contact\/\" target=\"_self\">\n\t\t\t\t\t\t\tNEEM CONTACT MET ONS OP\n\t\t\t\t\t<\/a>\n\n","protected":false},"excerpt":{"rendered":"<p>Diensten Bij Plug &#038; BIM leveren we meer dan alleen modellen. We leveren complete systemen die klaar zijn voor productie, logistiek en uitvoering. Onze diensten zijn gebaseerd op 3D, 4D en 5D BIM, waardoor ontwerpbeslissingen direct leiden tot effici\u00ebnte bouwresultaten. Door 3D, 4D en 5D BIM te combineren, helpen we klanten risico&#8217;s te verminderen, tijd&hellip;<\/p>\n","protected":false},"author":2,"featured_media":0,"parent":0,"menu_order":0,"comment_status":"closed","ping_status":"closed","template":"","meta":{"_acf_changed":false,"footnotes":""},"class_list":["post-3986","page","type-page","status-publish","hentry"],"acf":[],"yoast_head":"<!-- This site is optimized with the Yoast SEO plugin v27.4 - https:\/\/yoast.com\/product\/yoast-seo-wordpress\/ -->\n<title>Diensten - Plug &amp; Bim<\/title>\n<meta name=\"description\" content=\"Wij ontwerpen slimmere elektrische systemen met 3D-pluggable oplossingen in REVIT. Zo bespaart u bij elk project tijd en geld.\" \/>\n<meta name=\"robots\" content=\"index, follow, max-snippet:-1, max-image-preview:large, max-video-preview:-1\" \/>\n<link rel=\"canonical\" href=\"https:\/\/plugandbim.com\/nl\/diensten\/\" \/>\n<meta property=\"og:locale\" content=\"nl_NL\" \/>\n<meta property=\"og:type\" content=\"article\" \/>\n<meta property=\"og:title\" content=\"Diensten - Plug &amp; Bim\" \/>\n<meta property=\"og:description\" content=\"Wij ontwerpen slimmere elektrische systemen met 3D-pluggable oplossingen in REVIT. Zo bespaart u bij elk project tijd en geld.\" \/>\n<meta property=\"og:url\" content=\"https:\/\/plugandbim.com\/nl\/diensten\/\" \/>\n<meta property=\"og:site_name\" content=\"Plug &amp; Bim\" \/>\n<meta property=\"article:modified_time\" content=\"2026-04-07T16:48:05+00:00\" \/>\n<meta property=\"og:image\" content=\"https:\/\/plugandbim.com\/wp-content\/uploads\/2023\/05\/black_logo_transparent_background-1.png\" \/>\n\t<meta property=\"og:image:width\" content=\"500\" \/>\n\t<meta property=\"og:image:height\" content=\"300\" \/>\n\t<meta property=\"og:image:type\" content=\"image\/png\" \/>\n<meta name=\"twitter:card\" content=\"summary_large_image\" \/>\n<meta name=\"twitter:label1\" content=\"Geschatte leestijd\" \/>\n\t<meta name=\"twitter:data1\" content=\"4 minuten\" \/>\n<script type=\"application\/ld+json\" class=\"yoast-schema-graph\">{\"@context\":\"https:\\\/\\\/schema.org\",\"@graph\":[{\"@type\":\"WebPage\",\"@id\":\"https:\\\/\\\/plugandbim.com\\\/nl\\\/diensten\\\/\",\"url\":\"https:\\\/\\\/plugandbim.com\\\/nl\\\/diensten\\\/\",\"name\":\"Diensten - Plug &amp; Bim\",\"isPartOf\":{\"@id\":\"https:\\\/\\\/plugandbim.com\\\/#website\"},\"datePublished\":\"2023-06-09T12:10:51+00:00\",\"dateModified\":\"2026-04-07T16:48:05+00:00\",\"description\":\"Wij ontwerpen slimmere elektrische systemen met 3D-pluggable oplossingen in REVIT. Zo bespaart u bij elk project tijd en geld.\",\"breadcrumb\":{\"@id\":\"https:\\\/\\\/plugandbim.com\\\/nl\\\/diensten\\\/#breadcrumb\"},\"inLanguage\":\"nl-NL\",\"potentialAction\":[{\"@type\":\"ReadAction\",\"target\":[\"https:\\\/\\\/plugandbim.com\\\/nl\\\/diensten\\\/\"]}]},{\"@type\":\"BreadcrumbList\",\"@id\":\"https:\\\/\\\/plugandbim.com\\\/nl\\\/diensten\\\/#breadcrumb\",\"itemListElement\":[{\"@type\":\"ListItem\",\"position\":1,\"name\":\"Home\",\"item\":\"https:\\\/\\\/plugandbim.com\\\/nl\\\/\"},{\"@type\":\"ListItem\",\"position\":2,\"name\":\"Diensten\"}]},{\"@type\":\"WebSite\",\"@id\":\"https:\\\/\\\/plugandbim.com\\\/#website\",\"url\":\"https:\\\/\\\/plugandbim.com\\\/\",\"name\":\"Plug &amp; Bim\",\"description\":\"Make it Pluggable\",\"publisher\":{\"@id\":\"https:\\\/\\\/plugandbim.com\\\/#organization\"},\"potentialAction\":[{\"@type\":\"SearchAction\",\"target\":{\"@type\":\"EntryPoint\",\"urlTemplate\":\"https:\\\/\\\/plugandbim.com\\\/?s={search_term_string}\"},\"query-input\":{\"@type\":\"PropertyValueSpecification\",\"valueRequired\":true,\"valueName\":\"search_term_string\"}}],\"inLanguage\":\"nl-NL\"},{\"@type\":\"Organization\",\"@id\":\"https:\\\/\\\/plugandbim.com\\\/#organization\",\"name\":\"Plug & Bim\",\"url\":\"https:\\\/\\\/plugandbim.com\\\/\",\"logo\":{\"@type\":\"ImageObject\",\"inLanguage\":\"nl-NL\",\"@id\":\"https:\\\/\\\/plugandbim.com\\\/#\\\/schema\\\/logo\\\/image\\\/\",\"url\":\"https:\\\/\\\/plugandbim.com\\\/wp-content\\\/uploads\\\/2023\\\/05\\\/black_logo_transparent_background-1.png\",\"contentUrl\":\"https:\\\/\\\/plugandbim.com\\\/wp-content\\\/uploads\\\/2023\\\/05\\\/black_logo_transparent_background-1.png\",\"width\":500,\"height\":300,\"caption\":\"Plug & Bim\"},\"image\":{\"@id\":\"https:\\\/\\\/plugandbim.com\\\/#\\\/schema\\\/logo\\\/image\\\/\"}}]}<\/script>\n<!-- \/ Yoast SEO plugin. -->","yoast_head_json":{"title":"Diensten - Plug &amp; Bim","description":"Wij ontwerpen slimmere elektrische systemen met 3D-pluggable oplossingen in REVIT. Zo bespaart u bij elk project tijd en geld.","robots":{"index":"index","follow":"follow","max-snippet":"max-snippet:-1","max-image-preview":"max-image-preview:large","max-video-preview":"max-video-preview:-1"},"canonical":"https:\/\/plugandbim.com\/nl\/diensten\/","og_locale":"nl_NL","og_type":"article","og_title":"Diensten - Plug &amp; Bim","og_description":"Wij ontwerpen slimmere elektrische systemen met 3D-pluggable oplossingen in REVIT. Zo bespaart u bij elk project tijd en geld.","og_url":"https:\/\/plugandbim.com\/nl\/diensten\/","og_site_name":"Plug &amp; Bim","article_modified_time":"2026-04-07T16:48:05+00:00","og_image":[{"width":500,"height":300,"url":"https:\/\/plugandbim.com\/wp-content\/uploads\/2023\/05\/black_logo_transparent_background-1.png","type":"image\/png"}],"twitter_card":"summary_large_image","twitter_misc":{"Geschatte leestijd":"4 minuten"},"schema":{"@context":"https:\/\/schema.org","@graph":[{"@type":"WebPage","@id":"https:\/\/plugandbim.com\/nl\/diensten\/","url":"https:\/\/plugandbim.com\/nl\/diensten\/","name":"Diensten - Plug &amp; Bim","isPartOf":{"@id":"https:\/\/plugandbim.com\/#website"},"datePublished":"2023-06-09T12:10:51+00:00","dateModified":"2026-04-07T16:48:05+00:00","description":"Wij ontwerpen slimmere elektrische systemen met 3D-pluggable oplossingen in REVIT. Zo bespaart u bij elk project tijd en geld.","breadcrumb":{"@id":"https:\/\/plugandbim.com\/nl\/diensten\/#breadcrumb"},"inLanguage":"nl-NL","potentialAction":[{"@type":"ReadAction","target":["https:\/\/plugandbim.com\/nl\/diensten\/"]}]},{"@type":"BreadcrumbList","@id":"https:\/\/plugandbim.com\/nl\/diensten\/#breadcrumb","itemListElement":[{"@type":"ListItem","position":1,"name":"Home","item":"https:\/\/plugandbim.com\/nl\/"},{"@type":"ListItem","position":2,"name":"Diensten"}]},{"@type":"WebSite","@id":"https:\/\/plugandbim.com\/#website","url":"https:\/\/plugandbim.com\/","name":"Plug &amp; Bim","description":"Make it Pluggable","publisher":{"@id":"https:\/\/plugandbim.com\/#organization"},"potentialAction":[{"@type":"SearchAction","target":{"@type":"EntryPoint","urlTemplate":"https:\/\/plugandbim.com\/?s={search_term_string}"},"query-input":{"@type":"PropertyValueSpecification","valueRequired":true,"valueName":"search_term_string"}}],"inLanguage":"nl-NL"},{"@type":"Organization","@id":"https:\/\/plugandbim.com\/#organization","name":"Plug & Bim","url":"https:\/\/plugandbim.com\/","logo":{"@type":"ImageObject","inLanguage":"nl-NL","@id":"https:\/\/plugandbim.com\/#\/schema\/logo\/image\/","url":"https:\/\/plugandbim.com\/wp-content\/uploads\/2023\/05\/black_logo_transparent_background-1.png","contentUrl":"https:\/\/plugandbim.com\/wp-content\/uploads\/2023\/05\/black_logo_transparent_background-1.png","width":500,"height":300,"caption":"Plug & Bim"},"image":{"@id":"https:\/\/plugandbim.com\/#\/schema\/logo\/image\/"}}]}},"_links":{"self":[{"href":"https:\/\/plugandbim.com\/nl\/wp-json\/wp\/v2\/pages\/3986","targetHints":{"allow":["GET"]}}],"collection":[{"href":"https:\/\/plugandbim.com\/nl\/wp-json\/wp\/v2\/pages"}],"about":[{"href":"https:\/\/plugandbim.com\/nl\/wp-json\/wp\/v2\/types\/page"}],"author":[{"embeddable":true,"href":"https:\/\/plugandbim.com\/nl\/wp-json\/wp\/v2\/users\/2"}],"replies":[{"embeddable":true,"href":"https:\/\/plugandbim.com\/nl\/wp-json\/wp\/v2\/comments?post=3986"}],"version-history":[{"count":37,"href":"https:\/\/plugandbim.com\/nl\/wp-json\/wp\/v2\/pages\/3986\/revisions"}],"predecessor-version":[{"id":5130,"href":"https:\/\/plugandbim.com\/nl\/wp-json\/wp\/v2\/pages\/3986\/revisions\/5130"}],"wp:attachment":[{"href":"https:\/\/plugandbim.com\/nl\/wp-json\/wp\/v2\/media?parent=3986"}],"curies":[{"name":"wp","href":"https:\/\/api.w.org\/{rel}","templated":true}]}}